{"id":220,"date":"2026-03-01T12:18:33","date_gmt":"2026-03-01T12:18:33","guid":{"rendered":"https:\/\/artaora.com\/product\/pendentif-dauphin-steampunk-sur-base-turquoise-claire\/"},"modified":"2026-03-01T13:52:06","modified_gmt":"2026-03-01T13:52:06","slug":"pendentif-dauphin-steampunk-sur-base-turquoise-claire","status":"publish","type":"product","link":"https:\/\/artaora.com\/fr\/produit\/pendentif-dauphin-steampunk-sur-base-turquoise-claire\/","title":{"rendered":"Pendentif dauphin steampunk sur base turquoise claire"},"content":{"rendered":"<p>Le mouvement fluide caract\u00e9rise ce dauphin plac\u00e9 sur une base peinte en turquoise clair \u00e9voquant l\u2019eau. Des engrenages apparents cr\u00e9ent un contraste m\u00e9canique aux c\u00f4t\u00e9s de la figure marine, l\u2019ensemble \u00e9tant scell\u00e9 sous r\u00e9sine transparente. Un pendentif steampunk inspir\u00e9 de l\u2019univers marin.<\/p>\n","protected":false},"excerpt":{"rendered":"<p>Le mouvement fluide caract\u00e9rise ce dauphin plac\u00e9 sur une base peinte en turquoise clair \u00e9voquant l\u2019eau. Des engrenages apparents cr\u00e9ent un contraste m\u00e9canique aux c\u00f4t\u00e9s de la figure marine, l\u2019ensemble \u00e9tant scell\u00e9 sous r\u00e9sine transparente. Un pendentif steampunk inspir\u00e9 de l\u2019univers marin.<\/p>\n","protected":false},"featured_media":217,"comment_status":"open","ping_status":"closed","template":"","meta":[],"product_brand":[],"product_cat":[160],"product_tag":[],"class_list":{"0":"post-220","1":"product","2":"type-product","3":"status-publish","4":"has-post-thumbnail","6":"product_cat-pendentifs","7":"pa_charm-dauphin","8":"pa_charm-nature","9":"pa_color-turquoise","10":"pa_color-turquoise-clair","11":"pa_size-25mm","13":"first","14":"instock","15":"taxable","16":"shipping-taxable","17":"purchasable","18":"product-type-simple"},"_links":{"self":[{"href":"https:\/\/artaora.com\/fr\/wp-json\/wp\/v2\/product\/220","targetHints":{"allow":["GET"]}}],"collection":[{"href":"https:\/\/artaora.com\/fr\/wp-json\/wp\/v2\/product"}],"about":[{"href":"https:\/\/artaora.com\/fr\/wp-json\/wp\/v2\/types\/product"}],"replies":[{"embeddable":true,"href":"https:\/\/artaora.com\/fr\/wp-json\/wp\/v2\/comments?post=220"}],"wp:featuredmedia":[{"embeddable":true,"href":"https:\/\/artaora.com\/fr\/wp-json\/wp\/v2\/media\/217"}],"wp:attachment":[{"href":"https:\/\/artaora.com\/fr\/wp-json\/wp\/v2\/media?parent=220"}],"wp:term":[{"taxonomy":"product_brand","embeddable":true,"href":"https:\/\/artaora.com\/fr\/wp-json\/wp\/v2\/product_brand?post=220"},{"taxonomy":"product_cat","embeddable":true,"href":"https:\/\/artaora.com\/fr\/wp-json\/wp\/v2\/product_cat?post=220"},{"taxonomy":"product_tag","embeddable":true,"href":"https:\/\/artaora.com\/fr\/wp-json\/wp\/v2\/product_tag?post=220"}],"curies":[{"name":"wp","href":"https:\/\/api.w.org\/{rel}","templated":true}]}}