{"id":224,"date":"2026-03-01T12:18:34","date_gmt":"2026-03-01T12:18:34","guid":{"rendered":"https:\/\/artaora.com\/product\/pendentif-coeur-ornemente-sur-base-rouge\/"},"modified":"2026-03-01T13:52:06","modified_gmt":"2026-03-01T13:52:06","slug":"pendentif-coeur-ornemente-sur-base-rouge","status":"publish","type":"product","link":"https:\/\/artaora.com\/fr\/produit\/pendentif-coeur-ornemente-sur-base-rouge\/","title":{"rendered":"Pendentif c\u0153ur ornement\u00e9 sur base rouge"},"content":{"rendered":"<p>Une base peinte en rouge profond met en valeur un c\u0153ur orn\u00e9 de motifs grav\u00e9s d\u00e9taill\u00e9s. Des \u00e9l\u00e9ments horlogers discrets restent int\u00e9gr\u00e9s sous la surface, r\u00e9unis sous une couche de r\u00e9sine transparente. Un pendentif en r\u00e9sine affirm\u00e9 autour d\u2019un symbole romantique.<\/p>\n","protected":false},"excerpt":{"rendered":"<p>Une base peinte en rouge profond met en valeur un c\u0153ur orn\u00e9 de motifs grav\u00e9s d\u00e9taill\u00e9s. Des \u00e9l\u00e9ments horlogers discrets restent int\u00e9gr\u00e9s sous la surface, r\u00e9unis sous une couche de r\u00e9sine transparente. Un pendentif en r\u00e9sine affirm\u00e9 autour d\u2019un symbole romantique.<\/p>\n","protected":false},"featured_media":221,"comment_status":"open","ping_status":"closed","template":"","meta":[],"product_brand":[],"product_cat":[160],"product_tag":[],"class_list":{"0":"post-224","1":"product","2":"type-product","3":"status-publish","4":"has-post-thumbnail","6":"product_cat-pendentifs","7":"pa_charm-amour","8":"pa_charm-coeur","9":"pa_color-rouge","10":"pa_size-25mm","12":"first","13":"instock","14":"taxable","15":"shipping-taxable","16":"purchasable","17":"product-type-simple"},"_links":{"self":[{"href":"https:\/\/artaora.com\/fr\/wp-json\/wp\/v2\/product\/224","targetHints":{"allow":["GET"]}}],"collection":[{"href":"https:\/\/artaora.com\/fr\/wp-json\/wp\/v2\/product"}],"about":[{"href":"https:\/\/artaora.com\/fr\/wp-json\/wp\/v2\/types\/product"}],"replies":[{"embeddable":true,"href":"https:\/\/artaora.com\/fr\/wp-json\/wp\/v2\/comments?post=224"}],"wp:featuredmedia":[{"embeddable":true,"href":"https:\/\/artaora.com\/fr\/wp-json\/wp\/v2\/media\/221"}],"wp:attachment":[{"href":"https:\/\/artaora.com\/fr\/wp-json\/wp\/v2\/media?parent=224"}],"wp:term":[{"taxonomy":"product_brand","embeddable":true,"href":"https:\/\/artaora.com\/fr\/wp-json\/wp\/v2\/product_brand?post=224"},{"taxonomy":"product_cat","embeddable":true,"href":"https:\/\/artaora.com\/fr\/wp-json\/wp\/v2\/product_cat?post=224"},{"taxonomy":"product_tag","embeddable":true,"href":"https:\/\/artaora.com\/fr\/wp-json\/wp\/v2\/product_tag?post=224"}],"curies":[{"name":"wp","href":"https:\/\/api.w.org\/{rel}","templated":true}]}}