{"id":228,"date":"2026-03-01T12:18:36","date_gmt":"2026-03-01T12:18:36","guid":{"rendered":"https:\/\/artaora.com\/product\/pendentif-guitare-electrique-steampunk-sur-base-bleue\/"},"modified":"2026-03-01T13:52:07","modified_gmt":"2026-03-01T13:52:07","slug":"pendentif-guitare-electrique-steampunk-sur-base-bleue","status":"publish","type":"product","link":"https:\/\/artaora.com\/fr\/produit\/pendentif-guitare-electrique-steampunk-sur-base-bleue\/","title":{"rendered":"Pendentif guitare \u00e9lectrique steampunk sur base bleue"},"content":{"rendered":"<p>Une base peinte en bleu textur\u00e9 met en valeur une guitare \u00e9lectrique plac\u00e9e aux c\u00f4t\u00e9s d\u2019engrenages apparents. Les composants m\u00e9caniques accentuent le rythme industriel du design, scell\u00e9 sous r\u00e9sine pour profondeur et solidit\u00e9. Un pendentif steampunk artisanal inspir\u00e9 de l\u2019univers musical et des pi\u00e8ces de montre recycl\u00e9es.<\/p>\n","protected":false},"excerpt":{"rendered":"<p>Une base peinte en bleu textur\u00e9 met en valeur une guitare \u00e9lectrique plac\u00e9e aux c\u00f4t\u00e9s d\u2019engrenages apparents. Les composants m\u00e9caniques accentuent le rythme industriel du design, scell\u00e9 sous r\u00e9sine pour profondeur et solidit\u00e9. Un pendentif steampunk artisanal inspir\u00e9 de l\u2019univers musical et des pi\u00e8ces de montre recycl\u00e9es.<\/p>\n","protected":false},"featured_media":225,"comment_status":"open","ping_status":"closed","template":"","meta":[],"product_brand":[],"product_cat":[160],"product_tag":[],"class_list":{"0":"post-228","1":"product","2":"type-product","3":"status-publish","4":"has-post-thumbnail","6":"product_cat-pendentifs","7":"pa_charm-guitare-electrique","8":"pa_charm-musique","9":"pa_color-bleu","10":"pa_size-25mm","12":"first","13":"instock","14":"taxable","15":"shipping-taxable","16":"purchasable","17":"product-type-simple"},"_links":{"self":[{"href":"https:\/\/artaora.com\/fr\/wp-json\/wp\/v2\/product\/228","targetHints":{"allow":["GET"]}}],"collection":[{"href":"https:\/\/artaora.com\/fr\/wp-json\/wp\/v2\/product"}],"about":[{"href":"https:\/\/artaora.com\/fr\/wp-json\/wp\/v2\/types\/product"}],"replies":[{"embeddable":true,"href":"https:\/\/artaora.com\/fr\/wp-json\/wp\/v2\/comments?post=228"}],"wp:featuredmedia":[{"embeddable":true,"href":"https:\/\/artaora.com\/fr\/wp-json\/wp\/v2\/media\/225"}],"wp:attachment":[{"href":"https:\/\/artaora.com\/fr\/wp-json\/wp\/v2\/media?parent=228"}],"wp:term":[{"taxonomy":"product_brand","embeddable":true,"href":"https:\/\/artaora.com\/fr\/wp-json\/wp\/v2\/product_brand?post=228"},{"taxonomy":"product_cat","embeddable":true,"href":"https:\/\/artaora.com\/fr\/wp-json\/wp\/v2\/product_cat?post=228"},{"taxonomy":"product_tag","embeddable":true,"href":"https:\/\/artaora.com\/fr\/wp-json\/wp\/v2\/product_tag?post=228"}],"curies":[{"name":"wp","href":"https:\/\/api.w.org\/{rel}","templated":true}]}}