{"id":236,"date":"2026-03-01T12:18:38","date_gmt":"2026-03-01T12:18:38","guid":{"rendered":"https:\/\/artaora.com\/product\/pendentif-hippocampe-steampunk-sur-base-bleu-clair\/"},"modified":"2026-03-01T13:52:08","modified_gmt":"2026-03-01T13:52:08","slug":"pendentif-hippocampe-steampunk-sur-base-bleu-clair","status":"publish","type":"product","link":"https:\/\/artaora.com\/fr\/produit\/pendentif-hippocampe-steampunk-sur-base-bleu-clair\/","title":{"rendered":"Pendentif hippocampe steampunk sur base bleu clair"},"content":{"rendered":"<p>Une base peinte en bleu clair sugg\u00e8re une ambiance marine derri\u00e8re un hippocampe d\u00e9taill\u00e9 associ\u00e9 \u00e0 des engrenages superpos\u00e9s. Les \u00e9l\u00e9ments m\u00e9talliques apportent une structure industrielle tandis que la r\u00e9sine pr\u00e9serve la clart\u00e9 visuelle. Un pendentif steampunk inspir\u00e9 de l\u2019oc\u00e9an, con\u00e7u avec des pi\u00e8ces de montre recycl\u00e9es.<\/p>\n","protected":false},"excerpt":{"rendered":"<p>Une base peinte en bleu clair sugg\u00e8re une ambiance marine derri\u00e8re un hippocampe d\u00e9taill\u00e9 associ\u00e9 \u00e0 des engrenages superpos\u00e9s. Les \u00e9l\u00e9ments m\u00e9talliques apportent une structure industrielle tandis que la r\u00e9sine pr\u00e9serve la clart\u00e9 visuelle. Un pendentif steampunk inspir\u00e9 de l\u2019oc\u00e9an, con\u00e7u avec des pi\u00e8ces de montre recycl\u00e9es.<\/p>\n","protected":false},"featured_media":233,"comment_status":"open","ping_status":"closed","template":"","meta":[],"product_brand":[],"product_cat":[160],"product_tag":[],"class_list":{"0":"post-236","1":"product","2":"type-product","3":"status-publish","4":"has-post-thumbnail","6":"product_cat-pendentifs","7":"pa_charm-hippocampe","8":"pa_charm-nature","9":"pa_color-bleu","10":"pa_color-bleu-clair","11":"pa_size-25mm","13":"first","14":"instock","15":"taxable","16":"shipping-taxable","17":"purchasable","18":"product-type-simple"},"_links":{"self":[{"href":"https:\/\/artaora.com\/fr\/wp-json\/wp\/v2\/product\/236","targetHints":{"allow":["GET"]}}],"collection":[{"href":"https:\/\/artaora.com\/fr\/wp-json\/wp\/v2\/product"}],"about":[{"href":"https:\/\/artaora.com\/fr\/wp-json\/wp\/v2\/types\/product"}],"replies":[{"embeddable":true,"href":"https:\/\/artaora.com\/fr\/wp-json\/wp\/v2\/comments?post=236"}],"wp:featuredmedia":[{"embeddable":true,"href":"https:\/\/artaora.com\/fr\/wp-json\/wp\/v2\/media\/233"}],"wp:attachment":[{"href":"https:\/\/artaora.com\/fr\/wp-json\/wp\/v2\/media?parent=236"}],"wp:term":[{"taxonomy":"product_brand","embeddable":true,"href":"https:\/\/artaora.com\/fr\/wp-json\/wp\/v2\/product_brand?post=236"},{"taxonomy":"product_cat","embeddable":true,"href":"https:\/\/artaora.com\/fr\/wp-json\/wp\/v2\/product_cat?post=236"},{"taxonomy":"product_tag","embeddable":true,"href":"https:\/\/artaora.com\/fr\/wp-json\/wp\/v2\/product_tag?post=236"}],"curies":[{"name":"wp","href":"https:\/\/api.w.org\/{rel}","templated":true}]}}