{"id":244,"date":"2026-03-01T12:18:41","date_gmt":"2026-03-01T12:18:41","guid":{"rendered":"https:\/\/artaora.com\/product\/pendentif-voilier-steampunk-sur-base-bleu-profond\/"},"modified":"2026-03-01T13:52:09","modified_gmt":"2026-03-01T13:52:09","slug":"pendentif-voilier-steampunk-sur-base-bleu-profond","status":"publish","type":"product","link":"https:\/\/artaora.com\/fr\/produit\/pendentif-voilier-steampunk-sur-base-bleu-profond\/","title":{"rendered":"Pendentif voilier steampunk sur base bleu profond"},"content":{"rendered":"<p>Un voilier est plac\u00e9 sur une base peinte en bleu avec profondeur sombre. Des engrenages en laiton soulignent les bords sup\u00e9rieur et inf\u00e9rieur, apportant un contraste m\u00e9canique ma\u00eetris\u00e9 \u00e0 la sc\u00e8ne maritime. La r\u00e9sine unifie structure et couleur dans un pendentif steampunk d\u2019inspiration nautique.<\/p>\n","protected":false},"excerpt":{"rendered":"<p>Un voilier est plac\u00e9 sur une base peinte en bleu avec profondeur sombre. Des engrenages en laiton soulignent les bords sup\u00e9rieur et inf\u00e9rieur, apportant un contraste m\u00e9canique ma\u00eetris\u00e9 \u00e0 la sc\u00e8ne maritime. La r\u00e9sine unifie structure et couleur dans un pendentif steampunk d\u2019inspiration nautique.<\/p>\n","protected":false},"featured_media":241,"comment_status":"open","ping_status":"closed","template":"","meta":[],"product_brand":[],"product_cat":[160],"product_tag":[],"class_list":{"0":"post-244","1":"product","2":"type-product","3":"status-publish","4":"has-post-thumbnail","6":"product_cat-pendentifs","7":"pa_charm-transport","8":"pa_charm-voilier","9":"pa_color-bleu","10":"pa_color-bleu-fonce","11":"pa_size-25mm","13":"first","14":"instock","15":"taxable","16":"shipping-taxable","17":"purchasable","18":"product-type-simple"},"_links":{"self":[{"href":"https:\/\/artaora.com\/fr\/wp-json\/wp\/v2\/product\/244","targetHints":{"allow":["GET"]}}],"collection":[{"href":"https:\/\/artaora.com\/fr\/wp-json\/wp\/v2\/product"}],"about":[{"href":"https:\/\/artaora.com\/fr\/wp-json\/wp\/v2\/types\/product"}],"replies":[{"embeddable":true,"href":"https:\/\/artaora.com\/fr\/wp-json\/wp\/v2\/comments?post=244"}],"wp:featuredmedia":[{"embeddable":true,"href":"https:\/\/artaora.com\/fr\/wp-json\/wp\/v2\/media\/241"}],"wp:attachment":[{"href":"https:\/\/artaora.com\/fr\/wp-json\/wp\/v2\/media?parent=244"}],"wp:term":[{"taxonomy":"product_brand","embeddable":true,"href":"https:\/\/artaora.com\/fr\/wp-json\/wp\/v2\/product_brand?post=244"},{"taxonomy":"product_cat","embeddable":true,"href":"https:\/\/artaora.com\/fr\/wp-json\/wp\/v2\/product_cat?post=244"},{"taxonomy":"product_tag","embeddable":true,"href":"https:\/\/artaora.com\/fr\/wp-json\/wp\/v2\/product_tag?post=244"}],"curies":[{"name":"wp","href":"https:\/\/api.w.org\/{rel}","templated":true}]}}