{"id":248,"date":"2026-03-01T12:18:42","date_gmt":"2026-03-01T12:18:42","guid":{"rendered":"https:\/\/artaora.com\/product\/pendentif-cle-de-sol-steampunk-sur-base-multicolore-marbree\/"},"modified":"2026-03-01T13:52:09","modified_gmt":"2026-03-01T13:52:09","slug":"pendentif-cle-de-sol-steampunk-sur-base-multicolore-marbree","status":"publish","type":"product","link":"https:\/\/artaora.com\/fr\/produit\/pendentif-cle-de-sol-steampunk-sur-base-multicolore-marbree\/","title":{"rendered":"Pendentif cl\u00e9 de sol steampunk sur base multicolore marbr\u00e9e"},"content":{"rendered":"<p>Des teintes peintes en mouvement se m\u00ealent sur la base pour former un fond multicolore fluide autour d\u2019une cl\u00e9 de sol centrale. Des engrenages en laiton regroup\u00e9s en partie haute soulignent la dimension m\u00e9canique rythmique. La r\u00e9sine accentue la profondeur de ce pendentif steampunk d\u2019inspiration musicale.<\/p>\n","protected":false},"excerpt":{"rendered":"<p>Des teintes peintes en mouvement se m\u00ealent sur la base pour former un fond multicolore fluide autour d\u2019une cl\u00e9 de sol centrale. Des engrenages en laiton regroup\u00e9s en partie haute soulignent la dimension m\u00e9canique rythmique. La r\u00e9sine accentue la profondeur de ce pendentif steampunk d\u2019inspiration musicale.<\/p>\n","protected":false},"featured_media":245,"comment_status":"open","ping_status":"closed","template":"","meta":[],"product_brand":[],"product_cat":[160],"product_tag":[],"class_list":{"0":"post-248","1":"product","2":"type-product","3":"status-publish","4":"has-post-thumbnail","6":"product_cat-pendentifs","7":"pa_charm-cle-de-sol","8":"pa_charm-musique","9":"pa_color-multicolore","10":"pa_size-25mm","12":"first","13":"instock","14":"taxable","15":"shipping-taxable","16":"purchasable","17":"product-type-simple"},"_links":{"self":[{"href":"https:\/\/artaora.com\/fr\/wp-json\/wp\/v2\/product\/248","targetHints":{"allow":["GET"]}}],"collection":[{"href":"https:\/\/artaora.com\/fr\/wp-json\/wp\/v2\/product"}],"about":[{"href":"https:\/\/artaora.com\/fr\/wp-json\/wp\/v2\/types\/product"}],"replies":[{"embeddable":true,"href":"https:\/\/artaora.com\/fr\/wp-json\/wp\/v2\/comments?post=248"}],"wp:featuredmedia":[{"embeddable":true,"href":"https:\/\/artaora.com\/fr\/wp-json\/wp\/v2\/media\/245"}],"wp:attachment":[{"href":"https:\/\/artaora.com\/fr\/wp-json\/wp\/v2\/media?parent=248"}],"wp:term":[{"taxonomy":"product_brand","embeddable":true,"href":"https:\/\/artaora.com\/fr\/wp-json\/wp\/v2\/product_brand?post=248"},{"taxonomy":"product_cat","embeddable":true,"href":"https:\/\/artaora.com\/fr\/wp-json\/wp\/v2\/product_cat?post=248"},{"taxonomy":"product_tag","embeddable":true,"href":"https:\/\/artaora.com\/fr\/wp-json\/wp\/v2\/product_tag?post=248"}],"curies":[{"name":"wp","href":"https:\/\/api.w.org\/{rel}","templated":true}]}}