{"id":252,"date":"2026-03-01T12:18:43","date_gmt":"2026-03-01T12:18:43","guid":{"rendered":"https:\/\/artaora.com\/product\/pendentif-bicyclette-vintage-steampunk-sur-base-verte\/"},"modified":"2026-03-01T13:52:10","modified_gmt":"2026-03-01T13:52:10","slug":"pendentif-bicyclette-vintage-steampunk-sur-base-verte","status":"publish","type":"product","link":"https:\/\/artaora.com\/fr\/produit\/pendentif-bicyclette-vintage-steampunk-sur-base-verte\/","title":{"rendered":"Pendentif bicyclette vintage steampunk sur base verte"},"content":{"rendered":"<p>Plac\u00e9e sur une base peinte en vert, la bicyclette sugg\u00e8re mouvement et \u00e9quilibre dans le format circulaire. Des engrenages dispos\u00e9s en haut et en bas soulignent l\u2019identit\u00e9 m\u00e9canique sans dominer le th\u00e8me du transport. La r\u00e9sine encapsule les \u00e9l\u00e9ments dans ce pendentif \u00e0 caract\u00e8re industriel.<\/p>\n","protected":false},"excerpt":{"rendered":"<p>Plac\u00e9e sur une base peinte en vert, la bicyclette sugg\u00e8re mouvement et \u00e9quilibre dans le format circulaire. Des engrenages dispos\u00e9s en haut et en bas soulignent l\u2019identit\u00e9 m\u00e9canique sans dominer le th\u00e8me du transport. La r\u00e9sine encapsule les \u00e9l\u00e9ments dans ce pendentif \u00e0 caract\u00e8re industriel.<\/p>\n","protected":false},"featured_media":249,"comment_status":"open","ping_status":"closed","template":"","meta":[],"product_brand":[],"product_cat":[160],"product_tag":[],"class_list":{"0":"post-252","1":"product","2":"type-product","3":"status-publish","4":"has-post-thumbnail","6":"product_cat-pendentifs","7":"pa_charm-bicyclette","8":"pa_charm-transport","9":"pa_color-vert","10":"pa_size-25mm","12":"first","13":"instock","14":"taxable","15":"shipping-taxable","16":"purchasable","17":"product-type-simple"},"_links":{"self":[{"href":"https:\/\/artaora.com\/fr\/wp-json\/wp\/v2\/product\/252","targetHints":{"allow":["GET"]}}],"collection":[{"href":"https:\/\/artaora.com\/fr\/wp-json\/wp\/v2\/product"}],"about":[{"href":"https:\/\/artaora.com\/fr\/wp-json\/wp\/v2\/types\/product"}],"replies":[{"embeddable":true,"href":"https:\/\/artaora.com\/fr\/wp-json\/wp\/v2\/comments?post=252"}],"wp:featuredmedia":[{"embeddable":true,"href":"https:\/\/artaora.com\/fr\/wp-json\/wp\/v2\/media\/249"}],"wp:attachment":[{"href":"https:\/\/artaora.com\/fr\/wp-json\/wp\/v2\/media?parent=252"}],"wp:term":[{"taxonomy":"product_brand","embeddable":true,"href":"https:\/\/artaora.com\/fr\/wp-json\/wp\/v2\/product_brand?post=252"},{"taxonomy":"product_cat","embeddable":true,"href":"https:\/\/artaora.com\/fr\/wp-json\/wp\/v2\/product_cat?post=252"},{"taxonomy":"product_tag","embeddable":true,"href":"https:\/\/artaora.com\/fr\/wp-json\/wp\/v2\/product_tag?post=252"}],"curies":[{"name":"wp","href":"https:\/\/api.w.org\/{rel}","templated":true}]}}