{"id":256,"date":"2026-03-01T12:18:45","date_gmt":"2026-03-01T12:18:45","guid":{"rendered":"https:\/\/artaora.com\/product\/pendentif-ballerine-steampunk-sur-base-noire\/"},"modified":"2026-03-01T13:52:10","modified_gmt":"2026-03-01T13:52:10","slug":"pendentif-ballerine-steampunk-sur-base-noire","status":"publish","type":"product","link":"https:\/\/artaora.com\/fr\/produit\/pendentif-ballerine-steampunk-sur-base-noire\/","title":{"rendered":"Pendentif ballerine steampunk sur base noire"},"content":{"rendered":"<p>La base peinte en noir cr\u00e9e un contraste marqu\u00e9 qui met en valeur la silhouette de la ballerine. De petits engrenages plac\u00e9s en partie basse apportent un contrepoint m\u00e9canique \u00e0 la figure gracieuse. La r\u00e9sine assure une surface lisse et coh\u00e9rente dans ce pendentif d\u2019inspiration artistique et industrielle.<\/p>\n","protected":false},"excerpt":{"rendered":"<p>La base peinte en noir cr\u00e9e un contraste marqu\u00e9 qui met en valeur la silhouette de la ballerine. De petits engrenages plac\u00e9s en partie basse apportent un contrepoint m\u00e9canique \u00e0 la figure gracieuse. La r\u00e9sine assure une surface lisse et coh\u00e9rente dans ce pendentif d\u2019inspiration artistique et industrielle.<\/p>\n","protected":false},"featured_media":253,"comment_status":"open","ping_status":"closed","template":"","meta":[],"product_brand":[],"product_cat":[160],"product_tag":[],"class_list":{"0":"post-256","1":"product","2":"type-product","3":"status-publish","4":"has-post-thumbnail","6":"product_cat-pendentifs","7":"pa_charm-arts","8":"pa_charm-ballerine","9":"pa_color-noir","10":"pa_size-25mm","12":"first","13":"instock","14":"taxable","15":"shipping-taxable","16":"purchasable","17":"product-type-simple"},"_links":{"self":[{"href":"https:\/\/artaora.com\/fr\/wp-json\/wp\/v2\/product\/256","targetHints":{"allow":["GET"]}}],"collection":[{"href":"https:\/\/artaora.com\/fr\/wp-json\/wp\/v2\/product"}],"about":[{"href":"https:\/\/artaora.com\/fr\/wp-json\/wp\/v2\/types\/product"}],"replies":[{"embeddable":true,"href":"https:\/\/artaora.com\/fr\/wp-json\/wp\/v2\/comments?post=256"}],"wp:featuredmedia":[{"embeddable":true,"href":"https:\/\/artaora.com\/fr\/wp-json\/wp\/v2\/media\/253"}],"wp:attachment":[{"href":"https:\/\/artaora.com\/fr\/wp-json\/wp\/v2\/media?parent=256"}],"wp:term":[{"taxonomy":"product_brand","embeddable":true,"href":"https:\/\/artaora.com\/fr\/wp-json\/wp\/v2\/product_brand?post=256"},{"taxonomy":"product_cat","embeddable":true,"href":"https:\/\/artaora.com\/fr\/wp-json\/wp\/v2\/product_cat?post=256"},{"taxonomy":"product_tag","embeddable":true,"href":"https:\/\/artaora.com\/fr\/wp-json\/wp\/v2\/product_tag?post=256"}],"curies":[{"name":"wp","href":"https:\/\/api.w.org\/{rel}","templated":true}]}}