{"id":260,"date":"2026-03-01T12:18:46","date_gmt":"2026-03-01T12:18:46","guid":{"rendered":"https:\/\/artaora.com\/product\/pendentif-saxophone-steampunk-sur-base-noire\/"},"modified":"2026-03-01T13:52:11","modified_gmt":"2026-03-01T13:52:11","slug":"pendentif-saxophone-steampunk-sur-base-noire","status":"publish","type":"product","link":"https:\/\/artaora.com\/fr\/produit\/pendentif-saxophone-steampunk-sur-base-noire\/","title":{"rendered":"Pendentif saxophone steampunk sur base noire"},"content":{"rendered":"<p>Une peinture noire brillante sert de fond ma\u00eetris\u00e9 \u00e0 un saxophone plac\u00e9 en diagonale. Des engrenages regroup\u00e9s renforcent la dimension musicale par un rythme m\u00e9canique apparent. Scell\u00e9e sous r\u00e9sine, la composition devient un pendentif steampunk compact centr\u00e9 sur l\u2019univers instrumental.<\/p>\n","protected":false},"excerpt":{"rendered":"<p>Une peinture noire brillante sert de fond ma\u00eetris\u00e9 \u00e0 un saxophone plac\u00e9 en diagonale. Des engrenages regroup\u00e9s renforcent la dimension musicale par un rythme m\u00e9canique apparent. Scell\u00e9e sous r\u00e9sine, la composition devient un pendentif steampunk compact centr\u00e9 sur l\u2019univers instrumental.<\/p>\n","protected":false},"featured_media":257,"comment_status":"open","ping_status":"closed","template":"","meta":[],"product_brand":[],"product_cat":[160],"product_tag":[],"class_list":{"0":"post-260","1":"product","2":"type-product","3":"status-publish","4":"has-post-thumbnail","6":"product_cat-pendentifs","7":"pa_charm-musique","8":"pa_charm-saxophone","9":"pa_color-noir","10":"pa_size-25mm","12":"first","13":"instock","14":"taxable","15":"shipping-taxable","16":"purchasable","17":"product-type-simple"},"_links":{"self":[{"href":"https:\/\/artaora.com\/fr\/wp-json\/wp\/v2\/product\/260","targetHints":{"allow":["GET"]}}],"collection":[{"href":"https:\/\/artaora.com\/fr\/wp-json\/wp\/v2\/product"}],"about":[{"href":"https:\/\/artaora.com\/fr\/wp-json\/wp\/v2\/types\/product"}],"replies":[{"embeddable":true,"href":"https:\/\/artaora.com\/fr\/wp-json\/wp\/v2\/comments?post=260"}],"wp:featuredmedia":[{"embeddable":true,"href":"https:\/\/artaora.com\/fr\/wp-json\/wp\/v2\/media\/257"}],"wp:attachment":[{"href":"https:\/\/artaora.com\/fr\/wp-json\/wp\/v2\/media?parent=260"}],"wp:term":[{"taxonomy":"product_brand","embeddable":true,"href":"https:\/\/artaora.com\/fr\/wp-json\/wp\/v2\/product_brand?post=260"},{"taxonomy":"product_cat","embeddable":true,"href":"https:\/\/artaora.com\/fr\/wp-json\/wp\/v2\/product_cat?post=260"},{"taxonomy":"product_tag","embeddable":true,"href":"https:\/\/artaora.com\/fr\/wp-json\/wp\/v2\/product_tag?post=260"}],"curies":[{"name":"wp","href":"https:\/\/api.w.org\/{rel}","templated":true}]}}