{"id":264,"date":"2026-03-01T12:18:47","date_gmt":"2026-03-01T12:18:47","guid":{"rendered":"https:\/\/artaora.com\/product\/pendentif-arbre-de-vie-steampunk-sur-base-orange-et-doree\/"},"modified":"2026-03-01T13:52:11","modified_gmt":"2026-03-01T13:52:11","slug":"pendentif-arbre-de-vie-steampunk-sur-base-orange-et-doree","status":"publish","type":"product","link":"https:\/\/artaora.com\/fr\/produit\/pendentif-arbre-de-vie-steampunk-sur-base-orange-et-doree\/","title":{"rendered":"Pendentif arbre de vie steampunk sur base orange et dor\u00e9e"},"content":{"rendered":"<p>Des tons orange et or structurent la base peinte en un champ chaud et lumineux soutenant la silhouette de l\u2019Arbre de Vie. Des engrenages concentr\u00e9s au centre cr\u00e9ent une canop\u00e9e m\u00e9canique qui renforce la sym\u00e9trie. La r\u00e9sine encapsule l\u2019ensemble dans un pendentif steampunk \u00e9quilibr\u00e9 au contraste chromatique affirm\u00e9.<\/p>\n","protected":false},"excerpt":{"rendered":"<p>Des tons orange et or structurent la base peinte en un champ chaud et lumineux soutenant la silhouette de l\u2019Arbre de Vie. Des engrenages concentr\u00e9s au centre cr\u00e9ent une canop\u00e9e m\u00e9canique qui renforce la sym\u00e9trie. La r\u00e9sine encapsule l\u2019ensemble dans un pendentif steampunk \u00e9quilibr\u00e9 au contraste chromatique affirm\u00e9.<\/p>\n","protected":false},"featured_media":261,"comment_status":"open","ping_status":"closed","template":"","meta":[],"product_brand":[],"product_cat":[160],"product_tag":[],"class_list":{"0":"post-264","1":"product","2":"type-product","3":"status-publish","4":"has-post-thumbnail","6":"product_cat-pendentifs","7":"pa_charm-arbre-de-vie","8":"pa_charm-nature","9":"pa_color-dore","10":"pa_color-orange","11":"pa_size-25mm","13":"first","14":"instock","15":"taxable","16":"shipping-taxable","17":"purchasable","18":"product-type-simple"},"_links":{"self":[{"href":"https:\/\/artaora.com\/fr\/wp-json\/wp\/v2\/product\/264","targetHints":{"allow":["GET"]}}],"collection":[{"href":"https:\/\/artaora.com\/fr\/wp-json\/wp\/v2\/product"}],"about":[{"href":"https:\/\/artaora.com\/fr\/wp-json\/wp\/v2\/types\/product"}],"replies":[{"embeddable":true,"href":"https:\/\/artaora.com\/fr\/wp-json\/wp\/v2\/comments?post=264"}],"wp:featuredmedia":[{"embeddable":true,"href":"https:\/\/artaora.com\/fr\/wp-json\/wp\/v2\/media\/261"}],"wp:attachment":[{"href":"https:\/\/artaora.com\/fr\/wp-json\/wp\/v2\/media?parent=264"}],"wp:term":[{"taxonomy":"product_brand","embeddable":true,"href":"https:\/\/artaora.com\/fr\/wp-json\/wp\/v2\/product_brand?post=264"},{"taxonomy":"product_cat","embeddable":true,"href":"https:\/\/artaora.com\/fr\/wp-json\/wp\/v2\/product_cat?post=264"},{"taxonomy":"product_tag","embeddable":true,"href":"https:\/\/artaora.com\/fr\/wp-json\/wp\/v2\/product_tag?post=264"}],"curies":[{"name":"wp","href":"https:\/\/api.w.org\/{rel}","templated":true}]}}