{"id":268,"date":"2026-03-01T12:18:49","date_gmt":"2026-03-01T12:18:49","guid":{"rendered":"https:\/\/artaora.com\/product\/pendentif-abstrait-a-engrenages-sur-base-orange\/"},"modified":"2026-03-01T13:52:12","modified_gmt":"2026-03-01T13:52:12","slug":"pendentif-abstrait-a-engrenages-sur-base-orange","status":"publish","type":"product","link":"https:\/\/artaora.com\/fr\/produit\/pendentif-abstrait-a-engrenages-sur-base-orange\/","title":{"rendered":"Pendentif abstrait \u00e0 engrenages sur base orange"},"content":{"rendered":"<p>Une base peinte en orange soutenu cr\u00e9e une atmosph\u00e8re chaleureuse sous des composants horlogers circulaires apparents. Des formes en laiton imbriqu\u00e9es d\u00e9veloppent une profondeur m\u00e9canique sans charm distinct. La r\u00e9sine stabilise l\u2019ensemble dans un pendentif industriel con\u00e7u uniquement \u00e0 partir de pi\u00e8ces de montre recycl\u00e9es.<\/p>\n","protected":false},"excerpt":{"rendered":"<p>Une base peinte en orange soutenu cr\u00e9e une atmosph\u00e8re chaleureuse sous des composants horlogers circulaires apparents. Des formes en laiton imbriqu\u00e9es d\u00e9veloppent une profondeur m\u00e9canique sans charm distinct. La r\u00e9sine stabilise l\u2019ensemble dans un pendentif industriel con\u00e7u uniquement \u00e0 partir de pi\u00e8ces de montre recycl\u00e9es.<\/p>\n","protected":false},"featured_media":265,"comment_status":"open","ping_status":"closed","template":"","meta":[],"product_brand":[],"product_cat":[160],"product_tag":[],"class_list":{"0":"post-268","1":"product","2":"type-product","3":"status-publish","4":"has-post-thumbnail","6":"product_cat-pendentifs","7":"pa_charm-pieces-de-montre-uniquement","8":"pa_color-orange","9":"pa_size-25mm","11":"first","12":"instock","13":"taxable","14":"shipping-taxable","15":"purchasable","16":"product-type-simple"},"_links":{"self":[{"href":"https:\/\/artaora.com\/fr\/wp-json\/wp\/v2\/product\/268","targetHints":{"allow":["GET"]}}],"collection":[{"href":"https:\/\/artaora.com\/fr\/wp-json\/wp\/v2\/product"}],"about":[{"href":"https:\/\/artaora.com\/fr\/wp-json\/wp\/v2\/types\/product"}],"replies":[{"embeddable":true,"href":"https:\/\/artaora.com\/fr\/wp-json\/wp\/v2\/comments?post=268"}],"wp:featuredmedia":[{"embeddable":true,"href":"https:\/\/artaora.com\/fr\/wp-json\/wp\/v2\/media\/265"}],"wp:attachment":[{"href":"https:\/\/artaora.com\/fr\/wp-json\/wp\/v2\/media?parent=268"}],"wp:term":[{"taxonomy":"product_brand","embeddable":true,"href":"https:\/\/artaora.com\/fr\/wp-json\/wp\/v2\/product_brand?post=268"},{"taxonomy":"product_cat","embeddable":true,"href":"https:\/\/artaora.com\/fr\/wp-json\/wp\/v2\/product_cat?post=268"},{"taxonomy":"product_tag","embeddable":true,"href":"https:\/\/artaora.com\/fr\/wp-json\/wp\/v2\/product_tag?post=268"}],"curies":[{"name":"wp","href":"https:\/\/api.w.org\/{rel}","templated":true}]}}