{"id":272,"date":"2026-03-01T12:18:50","date_gmt":"2026-03-01T12:18:50","guid":{"rendered":"https:\/\/artaora.com\/product\/pendentif-note-musicale-minimaliste-steampunk-sur-noir\/"},"modified":"2026-03-01T13:52:12","modified_gmt":"2026-03-01T13:52:12","slug":"pendentif-note-musicale-minimaliste-steampunk-sur-noir","status":"publish","type":"product","link":"https:\/\/artaora.com\/fr\/produit\/pendentif-note-musicale-minimaliste-steampunk-sur-noir\/","title":{"rendered":"Pendentif note musicale minimaliste steampunk sur noir"},"content":{"rendered":"<p>La base peinte en noir isole la note musicale, cr\u00e9ant un contraste net et une lecture graphique pr\u00e9cise. De petits engrenages en laiton dispos\u00e9s sur le c\u00f4t\u00e9 \u00e9voquent le rythme m\u00e9canique sans surcharger le symbole. La r\u00e9sine renforce la profondeur dans ce pendentif musical \u00e0 esth\u00e9tique industrielle.<\/p>\n","protected":false},"excerpt":{"rendered":"<p>La base peinte en noir isole la note musicale, cr\u00e9ant un contraste net et une lecture graphique pr\u00e9cise. De petits engrenages en laiton dispos\u00e9s sur le c\u00f4t\u00e9 \u00e9voquent le rythme m\u00e9canique sans surcharger le symbole. La r\u00e9sine renforce la profondeur dans ce pendentif musical \u00e0 esth\u00e9tique industrielle.<\/p>\n","protected":false},"featured_media":269,"comment_status":"open","ping_status":"closed","template":"","meta":[],"product_brand":[],"product_cat":[160],"product_tag":[],"class_list":{"0":"post-272","1":"product","2":"type-product","3":"status-publish","4":"has-post-thumbnail","6":"product_cat-pendentifs","7":"pa_charm-musique","8":"pa_charm-note-de-musique","9":"pa_color-noir","10":"pa_size-25mm","12":"first","13":"instock","14":"taxable","15":"shipping-taxable","16":"purchasable","17":"product-type-simple"},"_links":{"self":[{"href":"https:\/\/artaora.com\/fr\/wp-json\/wp\/v2\/product\/272","targetHints":{"allow":["GET"]}}],"collection":[{"href":"https:\/\/artaora.com\/fr\/wp-json\/wp\/v2\/product"}],"about":[{"href":"https:\/\/artaora.com\/fr\/wp-json\/wp\/v2\/types\/product"}],"replies":[{"embeddable":true,"href":"https:\/\/artaora.com\/fr\/wp-json\/wp\/v2\/comments?post=272"}],"wp:featuredmedia":[{"embeddable":true,"href":"https:\/\/artaora.com\/fr\/wp-json\/wp\/v2\/media\/269"}],"wp:attachment":[{"href":"https:\/\/artaora.com\/fr\/wp-json\/wp\/v2\/media?parent=272"}],"wp:term":[{"taxonomy":"product_brand","embeddable":true,"href":"https:\/\/artaora.com\/fr\/wp-json\/wp\/v2\/product_brand?post=272"},{"taxonomy":"product_cat","embeddable":true,"href":"https:\/\/artaora.com\/fr\/wp-json\/wp\/v2\/product_cat?post=272"},{"taxonomy":"product_tag","embeddable":true,"href":"https:\/\/artaora.com\/fr\/wp-json\/wp\/v2\/product_tag?post=272"}],"curies":[{"name":"wp","href":"https:\/\/api.w.org\/{rel}","templated":true}]}}