{"id":276,"date":"2026-03-01T12:18:51","date_gmt":"2026-03-01T12:18:51","guid":{"rendered":"https:\/\/artaora.com\/product\/pendentif-raquettes-de-tennis-croisees-steampunk-sur-noir\/"},"modified":"2026-03-01T13:52:13","modified_gmt":"2026-03-01T13:52:13","slug":"pendentif-raquettes-de-tennis-croisees-steampunk-sur-noir","status":"publish","type":"product","link":"https:\/\/artaora.com\/fr\/produit\/pendentif-raquettes-de-tennis-croisees-steampunk-sur-noir\/","title":{"rendered":"Pendentif raquettes de tennis crois\u00e9es steampunk sur noir"},"content":{"rendered":"<p>Le th\u00e8me sportif structure la pi\u00e8ce avec des raquettes de tennis crois\u00e9es sur une base peinte en noir. Des fragments m\u00e9caniques \u2014engrenages et tiges m\u00e9talliques\u2014 sont plac\u00e9s de mani\u00e8re asym\u00e9trique pour cr\u00e9er une tension visuelle. La r\u00e9sine rassemble mouvement et m\u00e9canique dans ce pendentif steampunk \u00e0 inspiration sportive.<\/p>\n","protected":false},"excerpt":{"rendered":"<p>Le th\u00e8me sportif structure la pi\u00e8ce avec des raquettes de tennis crois\u00e9es sur une base peinte en noir. Des fragments m\u00e9caniques \u2014engrenages et tiges m\u00e9talliques\u2014 sont plac\u00e9s de mani\u00e8re asym\u00e9trique pour cr\u00e9er une tension visuelle. La r\u00e9sine rassemble mouvement et m\u00e9canique dans ce pendentif steampunk \u00e0 inspiration sportive.<\/p>\n","protected":false},"featured_media":273,"comment_status":"open","ping_status":"closed","template":"","meta":[],"product_brand":[],"product_cat":[160],"product_tag":[],"class_list":{"0":"post-276","1":"product","2":"type-product","3":"status-publish","4":"has-post-thumbnail","6":"product_cat-pendentifs","7":"pa_charm-sports","8":"pa_charm-tennis","9":"pa_color-noir","10":"pa_size-25mm","12":"first","13":"instock","14":"taxable","15":"shipping-taxable","16":"purchasable","17":"product-type-simple"},"_links":{"self":[{"href":"https:\/\/artaora.com\/fr\/wp-json\/wp\/v2\/product\/276","targetHints":{"allow":["GET"]}}],"collection":[{"href":"https:\/\/artaora.com\/fr\/wp-json\/wp\/v2\/product"}],"about":[{"href":"https:\/\/artaora.com\/fr\/wp-json\/wp\/v2\/types\/product"}],"replies":[{"embeddable":true,"href":"https:\/\/artaora.com\/fr\/wp-json\/wp\/v2\/comments?post=276"}],"wp:featuredmedia":[{"embeddable":true,"href":"https:\/\/artaora.com\/fr\/wp-json\/wp\/v2\/media\/273"}],"wp:attachment":[{"href":"https:\/\/artaora.com\/fr\/wp-json\/wp\/v2\/media?parent=276"}],"wp:term":[{"taxonomy":"product_brand","embeddable":true,"href":"https:\/\/artaora.com\/fr\/wp-json\/wp\/v2\/product_brand?post=276"},{"taxonomy":"product_cat","embeddable":true,"href":"https:\/\/artaora.com\/fr\/wp-json\/wp\/v2\/product_cat?post=276"},{"taxonomy":"product_tag","embeddable":true,"href":"https:\/\/artaora.com\/fr\/wp-json\/wp\/v2\/product_tag?post=276"}],"curies":[{"name":"wp","href":"https:\/\/api.w.org\/{rel}","templated":true}]}}