{"id":280,"date":"2026-03-01T12:18:53","date_gmt":"2026-03-01T12:18:53","guid":{"rendered":"https:\/\/artaora.com\/product\/pendentif-trompette-steampunk-sur-base-violette\/"},"modified":"2026-03-01T13:52:14","modified_gmt":"2026-03-01T13:52:14","slug":"pendentif-trompette-steampunk-sur-base-violette","status":"publish","type":"product","link":"https:\/\/artaora.com\/fr\/produit\/pendentif-trompette-steampunk-sur-base-violette\/","title":{"rendered":"Pendentif trompette steampunk sur base violette"},"content":{"rendered":"<p>Une base peinte en violet discret forme un fond textur\u00e9, presque min\u00e9ral, pour la trompette dispos\u00e9e en diagonale. De petits engrenages stabilisent la partie inf\u00e9rieure, renfor\u00e7ant le vocabulaire m\u00e9canique sans perturber la silhouette de l\u2019instrument. La r\u00e9sine accentue le contraste dans ce pendentif steampunk d\u00e9di\u00e9 \u00e0 l\u2019univers musical.<\/p>\n","protected":false},"excerpt":{"rendered":"<p>Une base peinte en violet discret forme un fond textur\u00e9, presque min\u00e9ral, pour la trompette dispos\u00e9e en diagonale. De petits engrenages stabilisent la partie inf\u00e9rieure, renfor\u00e7ant le vocabulaire m\u00e9canique sans perturber la silhouette de l\u2019instrument. La r\u00e9sine accentue le contraste dans ce pendentif steampunk d\u00e9di\u00e9 \u00e0 l\u2019univers musical.<\/p>\n","protected":false},"featured_media":277,"comment_status":"open","ping_status":"closed","template":"","meta":[],"product_brand":[],"product_cat":[160],"product_tag":[],"class_list":{"0":"post-280","1":"product","2":"type-product","3":"status-publish","4":"has-post-thumbnail","6":"product_cat-pendentifs","7":"pa_charm-musique","8":"pa_charm-trompette","9":"pa_color-violet","10":"pa_size-25mm","12":"first","13":"instock","14":"taxable","15":"shipping-taxable","16":"purchasable","17":"product-type-simple"},"_links":{"self":[{"href":"https:\/\/artaora.com\/fr\/wp-json\/wp\/v2\/product\/280","targetHints":{"allow":["GET"]}}],"collection":[{"href":"https:\/\/artaora.com\/fr\/wp-json\/wp\/v2\/product"}],"about":[{"href":"https:\/\/artaora.com\/fr\/wp-json\/wp\/v2\/types\/product"}],"replies":[{"embeddable":true,"href":"https:\/\/artaora.com\/fr\/wp-json\/wp\/v2\/comments?post=280"}],"wp:featuredmedia":[{"embeddable":true,"href":"https:\/\/artaora.com\/fr\/wp-json\/wp\/v2\/media\/277"}],"wp:attachment":[{"href":"https:\/\/artaora.com\/fr\/wp-json\/wp\/v2\/media?parent=280"}],"wp:term":[{"taxonomy":"product_brand","embeddable":true,"href":"https:\/\/artaora.com\/fr\/wp-json\/wp\/v2\/product_brand?post=280"},{"taxonomy":"product_cat","embeddable":true,"href":"https:\/\/artaora.com\/fr\/wp-json\/wp\/v2\/product_cat?post=280"},{"taxonomy":"product_tag","embeddable":true,"href":"https:\/\/artaora.com\/fr\/wp-json\/wp\/v2\/product_tag?post=280"}],"curies":[{"name":"wp","href":"https:\/\/api.w.org\/{rel}","templated":true}]}}