{"id":288,"date":"2026-03-01T12:18:55","date_gmt":"2026-03-01T12:18:55","guid":{"rendered":"https:\/\/artaora.com\/product\/pendentif-guitare-electrique-industrielle-sur-base-noire\/"},"modified":"2026-03-01T13:52:15","modified_gmt":"2026-03-01T13:52:15","slug":"pendentif-guitare-electrique-industrielle-sur-base-noire","status":"publish","type":"product","link":"https:\/\/artaora.com\/fr\/produit\/pendentif-guitare-electrique-industrielle-sur-base-noire\/","title":{"rendered":"Pendentif guitare \u00e9lectrique industrielle sur base noire"},"content":{"rendered":"<p>La guitare \u00e9lectrique est plac\u00e9e verticalement, traversant une base peinte en noir utilis\u00e9e comme espace n\u00e9gatif. De grands engrenages en laiton se concentrent sur le c\u00f4t\u00e9 droit, cr\u00e9ant une zone m\u00e9canique plus dense. La r\u00e9sine accentue contraste et profondeur dans ce pendentif steampunk musical \u00e0 tension structurelle marqu\u00e9e.<\/p>\n","protected":false},"excerpt":{"rendered":"<p>La guitare \u00e9lectrique est plac\u00e9e verticalement, traversant une base peinte en noir utilis\u00e9e comme espace n\u00e9gatif. De grands engrenages en laiton se concentrent sur le c\u00f4t\u00e9 droit, cr\u00e9ant une zone m\u00e9canique plus dense. La r\u00e9sine accentue contraste et profondeur dans ce pendentif steampunk musical \u00e0 tension structurelle marqu\u00e9e.<\/p>\n","protected":false},"featured_media":285,"comment_status":"open","ping_status":"closed","template":"","meta":[],"product_brand":[],"product_cat":[160],"product_tag":[],"class_list":{"0":"post-288","1":"product","2":"type-product","3":"status-publish","4":"has-post-thumbnail","6":"product_cat-pendentifs","7":"pa_charm-guitare-electrique","8":"pa_charm-musique","9":"pa_color-noir","10":"pa_size-25mm","12":"first","13":"instock","14":"taxable","15":"shipping-taxable","16":"purchasable","17":"product-type-simple"},"_links":{"self":[{"href":"https:\/\/artaora.com\/fr\/wp-json\/wp\/v2\/product\/288","targetHints":{"allow":["GET"]}}],"collection":[{"href":"https:\/\/artaora.com\/fr\/wp-json\/wp\/v2\/product"}],"about":[{"href":"https:\/\/artaora.com\/fr\/wp-json\/wp\/v2\/types\/product"}],"replies":[{"embeddable":true,"href":"https:\/\/artaora.com\/fr\/wp-json\/wp\/v2\/comments?post=288"}],"wp:featuredmedia":[{"embeddable":true,"href":"https:\/\/artaora.com\/fr\/wp-json\/wp\/v2\/media\/285"}],"wp:attachment":[{"href":"https:\/\/artaora.com\/fr\/wp-json\/wp\/v2\/media?parent=288"}],"wp:term":[{"taxonomy":"product_brand","embeddable":true,"href":"https:\/\/artaora.com\/fr\/wp-json\/wp\/v2\/product_brand?post=288"},{"taxonomy":"product_cat","embeddable":true,"href":"https:\/\/artaora.com\/fr\/wp-json\/wp\/v2\/product_cat?post=288"},{"taxonomy":"product_tag","embeddable":true,"href":"https:\/\/artaora.com\/fr\/wp-json\/wp\/v2\/product_tag?post=288"}],"curies":[{"name":"wp","href":"https:\/\/api.w.org\/{rel}","templated":true}]}}