{"id":292,"date":"2026-03-01T12:18:56","date_gmt":"2026-03-01T12:18:56","guid":{"rendered":"https:\/\/artaora.com\/product\/pendentif-fee-fantaisie-en-resine-steampunk-violette\/"},"modified":"2026-03-01T13:52:15","modified_gmt":"2026-03-01T13:52:15","slug":"pendentif-fee-fantaisie-en-resine-steampunk-violette","status":"publish","type":"product","link":"https:\/\/artaora.com\/fr\/produit\/pendentif-fee-fantaisie-en-resine-steampunk-violette\/","title":{"rendered":"Pendentif F\u00e9e Fantaisie en R\u00e9sine Steampunk Violette"},"content":{"rendered":"<p>Un fond violet intense met en valeur une silhouette de f\u00e9e entour\u00e9e de pi\u00e8ces d\u2019horlogerie recycl\u00e9es superpos\u00e9es. Ce pendentif en r\u00e9sine fait main associe univers fantastique et pr\u00e9cision m\u00e9canique dans un contraste affirm\u00e9. Un bijou fantasy con\u00e7u \u00e0 partir de composants de montre recycl\u00e9s pour les amateurs d\u2019accessoires originaux.<\/p>\n","protected":false},"excerpt":{"rendered":"<p>Un fond violet intense met en valeur une silhouette de f\u00e9e entour\u00e9e de pi\u00e8ces d\u2019horlogerie recycl\u00e9es superpos\u00e9es. Ce pendentif en r\u00e9sine fait main associe univers fantastique et pr\u00e9cision m\u00e9canique dans un contraste affirm\u00e9. Un bijou fantasy con\u00e7u \u00e0 partir de composants de montre recycl\u00e9s pour les amateurs d\u2019accessoires originaux.<\/p>\n","protected":false},"featured_media":289,"comment_status":"open","ping_status":"closed","template":"","meta":[],"product_brand":[],"product_cat":[32,160],"product_tag":[],"class_list":{"0":"post-292","1":"product","2":"type-product","3":"status-publish","4":"has-post-thumbnail","6":"product_cat-pendentif","7":"product_cat-pendentifs","8":"pa_charm-fantaisie","9":"pa_charm-fee","10":"pa_color-violet","11":"pa_size-50mm","13":"first","14":"instock","15":"taxable","16":"shipping-taxable","17":"purchasable","18":"product-type-simple"},"_links":{"self":[{"href":"https:\/\/artaora.com\/fr\/wp-json\/wp\/v2\/product\/292","targetHints":{"allow":["GET"]}}],"collection":[{"href":"https:\/\/artaora.com\/fr\/wp-json\/wp\/v2\/product"}],"about":[{"href":"https:\/\/artaora.com\/fr\/wp-json\/wp\/v2\/types\/product"}],"replies":[{"embeddable":true,"href":"https:\/\/artaora.com\/fr\/wp-json\/wp\/v2\/comments?post=292"}],"wp:featuredmedia":[{"embeddable":true,"href":"https:\/\/artaora.com\/fr\/wp-json\/wp\/v2\/media\/289"}],"wp:attachment":[{"href":"https:\/\/artaora.com\/fr\/wp-json\/wp\/v2\/media?parent=292"}],"wp:term":[{"taxonomy":"product_brand","embeddable":true,"href":"https:\/\/artaora.com\/fr\/wp-json\/wp\/v2\/product_brand?post=292"},{"taxonomy":"product_cat","embeddable":true,"href":"https:\/\/artaora.com\/fr\/wp-json\/wp\/v2\/product_cat?post=292"},{"taxonomy":"product_tag","embeddable":true,"href":"https:\/\/artaora.com\/fr\/wp-json\/wp\/v2\/product_tag?post=292"}],"curies":[{"name":"wp","href":"https:\/\/api.w.org\/{rel}","templated":true}]}}