{"id":300,"date":"2026-03-01T12:18:58","date_gmt":"2026-03-01T12:18:58","guid":{"rendered":"https:\/\/artaora.com\/product\/pendentif-cameleon-steampunk-sur-base-peinte-orange\/"},"modified":"2026-03-01T13:52:16","modified_gmt":"2026-03-01T13:52:16","slug":"pendentif-cameleon-steampunk-sur-base-peinte-orange","status":"publish","type":"product","link":"https:\/\/artaora.com\/fr\/produit\/pendentif-cameleon-steampunk-sur-base-peinte-orange\/","title":{"rendered":"Pendentif Cam\u00e9l\u00e9on Steampunk sur Base Peinte Orange"},"content":{"rendered":"<p>Une base peinte \u00e0 la main en orange constitue le fond visuel de ce pendentif, scell\u00e9 sous une couche de r\u00e9sine transparente qui pr\u00e9serve la profondeur et le contraste. Les pi\u00e8ces d\u2019horlogerie recycl\u00e9es cr\u00e9ent un d\u00e9cor m\u00e9canique pour la silhouette d\u00e9taill\u00e9e du cam\u00e9l\u00e9on plac\u00e9e au-dessus. Ce pendentif steampunk associe symbolique naturelle et composants de montre r\u00e9utilis\u00e9s dans une pi\u00e8ce affirm\u00e9e.<\/p>\n","protected":false},"excerpt":{"rendered":"<p>Une base peinte \u00e0 la main en orange constitue le fond visuel de ce pendentif, scell\u00e9 sous une couche de r\u00e9sine transparente qui pr\u00e9serve la profondeur et le contraste. Les pi\u00e8ces d\u2019horlogerie recycl\u00e9es cr\u00e9ent un d\u00e9cor m\u00e9canique pour la silhouette d\u00e9taill\u00e9e du cam\u00e9l\u00e9on plac\u00e9e au-dessus. Ce pendentif steampunk associe symbolique naturelle et composants de montre [&hellip;]<\/p>\n","protected":false},"featured_media":297,"comment_status":"open","ping_status":"closed","template":"","meta":[],"product_brand":[],"product_cat":[32,160],"product_tag":[],"class_list":{"0":"post-300","1":"product","2":"type-product","3":"status-publish","4":"has-post-thumbnail","6":"product_cat-pendentif","7":"product_cat-pendentifs","8":"pa_charm-cameleon","9":"pa_charm-nature","10":"pa_color-orange","11":"pa_size-50mm","13":"first","14":"instock","15":"taxable","16":"shipping-taxable","17":"purchasable","18":"product-type-simple"},"_links":{"self":[{"href":"https:\/\/artaora.com\/fr\/wp-json\/wp\/v2\/product\/300","targetHints":{"allow":["GET"]}}],"collection":[{"href":"https:\/\/artaora.com\/fr\/wp-json\/wp\/v2\/product"}],"about":[{"href":"https:\/\/artaora.com\/fr\/wp-json\/wp\/v2\/types\/product"}],"replies":[{"embeddable":true,"href":"https:\/\/artaora.com\/fr\/wp-json\/wp\/v2\/comments?post=300"}],"wp:featuredmedia":[{"embeddable":true,"href":"https:\/\/artaora.com\/fr\/wp-json\/wp\/v2\/media\/297"}],"wp:attachment":[{"href":"https:\/\/artaora.com\/fr\/wp-json\/wp\/v2\/media?parent=300"}],"wp:term":[{"taxonomy":"product_brand","embeddable":true,"href":"https:\/\/artaora.com\/fr\/wp-json\/wp\/v2\/product_brand?post=300"},{"taxonomy":"product_cat","embeddable":true,"href":"https:\/\/artaora.com\/fr\/wp-json\/wp\/v2\/product_cat?post=300"},{"taxonomy":"product_tag","embeddable":true,"href":"https:\/\/artaora.com\/fr\/wp-json\/wp\/v2\/product_tag?post=300"}],"curies":[{"name":"wp","href":"https:\/\/api.w.org\/{rel}","templated":true}]}}