{"id":304,"date":"2026-03-01T12:19:00","date_gmt":"2026-03-01T12:19:00","guid":{"rendered":"https:\/\/artaora.com\/product\/pendentif-voilier-steampunk-sur-base-peinte-bleue\/"},"modified":"2026-03-01T13:52:17","modified_gmt":"2026-03-01T13:52:17","slug":"pendentif-voilier-steampunk-sur-base-peinte-bleue","status":"publish","type":"product","link":"https:\/\/artaora.com\/fr\/produit\/pendentif-voilier-steampunk-sur-base-peinte-bleue\/","title":{"rendered":"Pendentif Voilier Steampunk sur Base Peinte Bleue"},"content":{"rendered":"<p>Une base peinte \u00e0 la main en bleu rappelle l\u2019horizon marin, scell\u00e9e sous une couche de r\u00e9sine transparente qui accentue la profondeur sans modifier la teinte dominante. Des pi\u00e8ces d\u2019horlogerie recycl\u00e9es s\u2019accumulent en partie basse, formant un rivage m\u00e9canique sous la silhouette d\u00e9taill\u00e9e d\u2019un voilier. Ce pendentif steampunk d\u2019inspiration maritime constitue une pi\u00e8ce affirm\u00e9e r\u00e9alis\u00e9e \u00e0 partir de composants de montre recycl\u00e9s.<\/p>\n","protected":false},"excerpt":{"rendered":"<p>Une base peinte \u00e0 la main en bleu rappelle l\u2019horizon marin, scell\u00e9e sous une couche de r\u00e9sine transparente qui accentue la profondeur sans modifier la teinte dominante. Des pi\u00e8ces d\u2019horlogerie recycl\u00e9es s\u2019accumulent en partie basse, formant un rivage m\u00e9canique sous la silhouette d\u00e9taill\u00e9e d\u2019un voilier. Ce pendentif steampunk d\u2019inspiration maritime constitue une pi\u00e8ce affirm\u00e9e r\u00e9alis\u00e9e [&hellip;]<\/p>\n","protected":false},"featured_media":301,"comment_status":"open","ping_status":"closed","template":"","meta":[],"product_brand":[],"product_cat":[32,160],"product_tag":[],"class_list":{"0":"post-304","1":"product","2":"type-product","3":"status-publish","4":"has-post-thumbnail","6":"product_cat-pendentif","7":"product_cat-pendentifs","8":"pa_charm-transport","9":"pa_color-bleu","10":"pa_size-50mm","12":"first","13":"instock","14":"taxable","15":"shipping-taxable","16":"purchasable","17":"product-type-simple"},"_links":{"self":[{"href":"https:\/\/artaora.com\/fr\/wp-json\/wp\/v2\/product\/304","targetHints":{"allow":["GET"]}}],"collection":[{"href":"https:\/\/artaora.com\/fr\/wp-json\/wp\/v2\/product"}],"about":[{"href":"https:\/\/artaora.com\/fr\/wp-json\/wp\/v2\/types\/product"}],"replies":[{"embeddable":true,"href":"https:\/\/artaora.com\/fr\/wp-json\/wp\/v2\/comments?post=304"}],"wp:featuredmedia":[{"embeddable":true,"href":"https:\/\/artaora.com\/fr\/wp-json\/wp\/v2\/media\/301"}],"wp:attachment":[{"href":"https:\/\/artaora.com\/fr\/wp-json\/wp\/v2\/media?parent=304"}],"wp:term":[{"taxonomy":"product_brand","embeddable":true,"href":"https:\/\/artaora.com\/fr\/wp-json\/wp\/v2\/product_brand?post=304"},{"taxonomy":"product_cat","embeddable":true,"href":"https:\/\/artaora.com\/fr\/wp-json\/wp\/v2\/product_cat?post=304"},{"taxonomy":"product_tag","embeddable":true,"href":"https:\/\/artaora.com\/fr\/wp-json\/wp\/v2\/product_tag?post=304"}],"curies":[{"name":"wp","href":"https:\/\/api.w.org\/{rel}","templated":true}]}}