{"id":316,"date":"2026-03-01T12:19:04","date_gmt":"2026-03-01T12:19:04","guid":{"rendered":"https:\/\/artaora.com\/product\/pendentif-coeur-orange-industriel-a-composition-dengrenages\/"},"modified":"2026-03-01T13:52:18","modified_gmt":"2026-03-01T13:52:18","slug":"pendentif-coeur-orange-industriel-a-composition-dengrenages","status":"publish","type":"product","link":"https:\/\/artaora.com\/fr\/produit\/pendentif-coeur-orange-industriel-a-composition-dengrenages\/","title":{"rendered":"Pendentif C\u0153ur Orange Industriel \u00e0 Composition d\u2019Engrenages"},"content":{"rendered":"<p>Le orange marqu\u00e9 structure l\u2019impact visuel de ce collier steampunk en forme de c\u0153ur, mettant en valeur les \u00e9l\u00e9ments m\u00e9caniques int\u00e9gr\u00e9s. Des engrenages de montre recycl\u00e9s sont dispos\u00e9s verticalement dans la base en alliage m\u00e9tallique et scell\u00e9s sous r\u00e9sine pour cr\u00e9er profondeur et pr\u00e9cision. Une pi\u00e8ce de bijouterie industrielle destin\u00e9e aux amateurs de design m\u00e9canique affirm\u00e9.<\/p>\n","protected":false},"excerpt":{"rendered":"<p>Le orange marqu\u00e9 structure l\u2019impact visuel de ce collier steampunk en forme de c\u0153ur, mettant en valeur les \u00e9l\u00e9ments m\u00e9caniques int\u00e9gr\u00e9s. Des engrenages de montre recycl\u00e9s sont dispos\u00e9s verticalement dans la base en alliage m\u00e9tallique et scell\u00e9s sous r\u00e9sine pour cr\u00e9er profondeur et pr\u00e9cision. Une pi\u00e8ce de bijouterie industrielle destin\u00e9e aux amateurs de design m\u00e9canique [&hellip;]<\/p>\n","protected":false},"featured_media":313,"comment_status":"open","ping_status":"closed","template":"","meta":[],"product_brand":[],"product_cat":[32,160],"product_tag":[],"class_list":{"0":"post-316","1":"product","2":"type-product","3":"status-publish","4":"has-post-thumbnail","6":"product_cat-pendentif","7":"product_cat-pendentifs","8":"pa_charm-pieces-de-montre-uniquement","9":"pa_color-orange","10":"pa_size-30mm-x-50mm","12":"first","13":"instock","14":"taxable","15":"shipping-taxable","16":"purchasable","17":"product-type-simple"},"_links":{"self":[{"href":"https:\/\/artaora.com\/fr\/wp-json\/wp\/v2\/product\/316","targetHints":{"allow":["GET"]}}],"collection":[{"href":"https:\/\/artaora.com\/fr\/wp-json\/wp\/v2\/product"}],"about":[{"href":"https:\/\/artaora.com\/fr\/wp-json\/wp\/v2\/types\/product"}],"replies":[{"embeddable":true,"href":"https:\/\/artaora.com\/fr\/wp-json\/wp\/v2\/comments?post=316"}],"wp:featuredmedia":[{"embeddable":true,"href":"https:\/\/artaora.com\/fr\/wp-json\/wp\/v2\/media\/313"}],"wp:attachment":[{"href":"https:\/\/artaora.com\/fr\/wp-json\/wp\/v2\/media?parent=316"}],"wp:term":[{"taxonomy":"product_brand","embeddable":true,"href":"https:\/\/artaora.com\/fr\/wp-json\/wp\/v2\/product_brand?post=316"},{"taxonomy":"product_cat","embeddable":true,"href":"https:\/\/artaora.com\/fr\/wp-json\/wp\/v2\/product_cat?post=316"},{"taxonomy":"product_tag","embeddable":true,"href":"https:\/\/artaora.com\/fr\/wp-json\/wp\/v2\/product_tag?post=316"}],"curies":[{"name":"wp","href":"https:\/\/api.w.org\/{rel}","templated":true}]}}