{"id":320,"date":"2026-03-01T12:19:05","date_gmt":"2026-03-01T12:19:05","guid":{"rendered":"https:\/\/artaora.com\/product\/pendentif-coeur-rouge-mecanique-avec-details-dengrenages\/"},"modified":"2026-03-01T13:52:19","modified_gmt":"2026-03-01T13:52:19","slug":"pendentif-coeur-rouge-mecanique-avec-details-dengrenages","status":"publish","type":"product","link":"https:\/\/artaora.com\/fr\/produit\/pendentif-coeur-rouge-mecanique-avec-details-dengrenages\/","title":{"rendered":"Pendentif C\u0153ur Rouge M\u00e9canique avec D\u00e9tails d\u2019Engrenages"},"content":{"rendered":"<p>Une surface peinte rouge soutenue structure la composition de ce pendentif m\u00e9canique artisanal. Des composants de montre recycl\u00e9s sont int\u00e9gr\u00e9s sur la base en alliage m\u00e9tallique en forme de c\u0153ur puis scell\u00e9s sous r\u00e9sine, cr\u00e9ant un contraste entre couleur vive et pr\u00e9cision m\u00e9tallique. Un collier affirm\u00e9 destin\u00e9 aux amateurs de bijouterie steampunk \u00e0 forte pr\u00e9sence visuelle.<\/p>\n","protected":false},"excerpt":{"rendered":"<p>Une surface peinte rouge soutenue structure la composition de ce pendentif m\u00e9canique artisanal. Des composants de montre recycl\u00e9s sont int\u00e9gr\u00e9s sur la base en alliage m\u00e9tallique en forme de c\u0153ur puis scell\u00e9s sous r\u00e9sine, cr\u00e9ant un contraste entre couleur vive et pr\u00e9cision m\u00e9tallique. Un collier affirm\u00e9 destin\u00e9 aux amateurs de bijouterie steampunk \u00e0 forte pr\u00e9sence [&hellip;]<\/p>\n","protected":false},"featured_media":317,"comment_status":"open","ping_status":"closed","template":"","meta":[],"product_brand":[],"product_cat":[32,160],"product_tag":[],"class_list":{"0":"post-320","1":"product","2":"type-product","3":"status-publish","4":"has-post-thumbnail","6":"product_cat-pendentif","7":"product_cat-pendentifs","8":"pa_charm-pieces-de-montre-uniquement","9":"pa_color-rouge","10":"pa_size-30mm-x-50mm","12":"first","13":"instock","14":"taxable","15":"shipping-taxable","16":"purchasable","17":"product-type-simple"},"_links":{"self":[{"href":"https:\/\/artaora.com\/fr\/wp-json\/wp\/v2\/product\/320","targetHints":{"allow":["GET"]}}],"collection":[{"href":"https:\/\/artaora.com\/fr\/wp-json\/wp\/v2\/product"}],"about":[{"href":"https:\/\/artaora.com\/fr\/wp-json\/wp\/v2\/types\/product"}],"replies":[{"embeddable":true,"href":"https:\/\/artaora.com\/fr\/wp-json\/wp\/v2\/comments?post=320"}],"wp:featuredmedia":[{"embeddable":true,"href":"https:\/\/artaora.com\/fr\/wp-json\/wp\/v2\/media\/317"}],"wp:attachment":[{"href":"https:\/\/artaora.com\/fr\/wp-json\/wp\/v2\/media?parent=320"}],"wp:term":[{"taxonomy":"product_brand","embeddable":true,"href":"https:\/\/artaora.com\/fr\/wp-json\/wp\/v2\/product_brand?post=320"},{"taxonomy":"product_cat","embeddable":true,"href":"https:\/\/artaora.com\/fr\/wp-json\/wp\/v2\/product_cat?post=320"},{"taxonomy":"product_tag","embeddable":true,"href":"https:\/\/artaora.com\/fr\/wp-json\/wp\/v2\/product_tag?post=320"}],"curies":[{"name":"wp","href":"https:\/\/api.w.org\/{rel}","templated":true}]}}