{"id":328,"date":"2026-03-01T12:19:08","date_gmt":"2026-03-01T12:19:08","guid":{"rendered":"https:\/\/artaora.com\/product\/parure-industrielle-orange-vibrant-avec-engrenages-de-montre\/"},"modified":"2026-03-01T13:52:20","modified_gmt":"2026-03-01T13:52:20","slug":"parure-industrielle-orange-vibrant-avec-engrenages-de-montre","status":"publish","type":"product","link":"https:\/\/artaora.com\/fr\/produit\/parure-industrielle-orange-vibrant-avec-engrenages-de-montre\/","title":{"rendered":"Parure Industrielle Orange Vibrant avec Engrenages de Montre"},"content":{"rendered":"<p>Ax\u00e9 sur a pi\u00e8ces de montre motif, this upcycled pi\u00e8ces de montre set combines recycled pi\u00e8ces de montre with orange color for a cohesive look. Resin protects the surface details. Taille : 12mm.<\/p>\n","protected":false},"excerpt":{"rendered":"<p>Ax\u00e9 sur a pi\u00e8ces de montre motif, this upcycled pi\u00e8ces de montre set combines recycled pi\u00e8ces de montre with orange color for a cohesive look. Resin protects the surface details. Taille : 12mm.<\/p>\n","protected":false},"featured_media":325,"comment_status":"open","ping_status":"closed","template":"","meta":[],"product_brand":[],"product_cat":[229],"product_tag":[],"class_list":{"0":"post-328","1":"product","2":"type-product","3":"status-publish","4":"has-post-thumbnail","6":"product_cat-parures","7":"pa_charm-pieces-de-montre-uniquement","8":"pa_color-orange","9":"pa_size-12mm","11":"first","12":"instock","13":"taxable","14":"shipping-taxable","15":"purchasable","16":"product-type-simple"},"_links":{"self":[{"href":"https:\/\/artaora.com\/fr\/wp-json\/wp\/v2\/product\/328","targetHints":{"allow":["GET"]}}],"collection":[{"href":"https:\/\/artaora.com\/fr\/wp-json\/wp\/v2\/product"}],"about":[{"href":"https:\/\/artaora.com\/fr\/wp-json\/wp\/v2\/types\/product"}],"replies":[{"embeddable":true,"href":"https:\/\/artaora.com\/fr\/wp-json\/wp\/v2\/comments?post=328"}],"wp:featuredmedia":[{"embeddable":true,"href":"https:\/\/artaora.com\/fr\/wp-json\/wp\/v2\/media\/325"}],"wp:attachment":[{"href":"https:\/\/artaora.com\/fr\/wp-json\/wp\/v2\/media?parent=328"}],"wp:term":[{"taxonomy":"product_brand","embeddable":true,"href":"https:\/\/artaora.com\/fr\/wp-json\/wp\/v2\/product_brand?post=328"},{"taxonomy":"product_cat","embeddable":true,"href":"https:\/\/artaora.com\/fr\/wp-json\/wp\/v2\/product_cat?post=328"},{"taxonomy":"product_tag","embeddable":true,"href":"https:\/\/artaora.com\/fr\/wp-json\/wp\/v2\/product_tag?post=328"}],"curies":[{"name":"wp","href":"https:\/\/api.w.org\/{rel}","templated":true}]}}