{"id":332,"date":"2026-03-01T12:19:09","date_gmt":"2026-03-01T12:19:09","guid":{"rendered":"https:\/\/artaora.com\/product\/parure-industrielle-bleu-acier-avec-pieces-de-montre\/"},"modified":"2026-03-01T13:52:20","modified_gmt":"2026-03-01T13:52:20","slug":"parure-industrielle-bleu-acier-avec-pieces-de-montre","status":"publish","type":"product","link":"https:\/\/artaora.com\/fr\/produit\/parure-industrielle-bleu-acier-avec-pieces-de-montre\/","title":{"rendered":"Parure Industrielle Bleu Acier avec Pi\u00e8ces de Montre"},"content":{"rendered":"<p>Blue sets the dominant tone across this r\u00e9sine jewelry set, contrasted by the mechanical texture of embedded pi\u00e8ces de montre. Finished with a pi\u00e8ces de montre breloque under r\u00e9sine. Taille : 12mm.<\/p>\n","protected":false},"excerpt":{"rendered":"<p>Blue sets the dominant tone across this r\u00e9sine jewelry set, contrasted by the mechanical texture of embedded pi\u00e8ces de montre. Finished with a pi\u00e8ces de montre breloque under r\u00e9sine. Taille : 12mm.<\/p>\n","protected":false},"featured_media":329,"comment_status":"open","ping_status":"closed","template":"","meta":[],"product_brand":[],"product_cat":[229],"product_tag":[],"class_list":{"0":"post-332","1":"product","2":"type-product","3":"status-publish","4":"has-post-thumbnail","6":"product_cat-parures","7":"pa_charm-pieces-de-montre-uniquement","8":"pa_color-bleu","9":"pa_size-12mm","11":"first","12":"instock","13":"taxable","14":"shipping-taxable","15":"purchasable","16":"product-type-simple"},"_links":{"self":[{"href":"https:\/\/artaora.com\/fr\/wp-json\/wp\/v2\/product\/332","targetHints":{"allow":["GET"]}}],"collection":[{"href":"https:\/\/artaora.com\/fr\/wp-json\/wp\/v2\/product"}],"about":[{"href":"https:\/\/artaora.com\/fr\/wp-json\/wp\/v2\/types\/product"}],"replies":[{"embeddable":true,"href":"https:\/\/artaora.com\/fr\/wp-json\/wp\/v2\/comments?post=332"}],"wp:featuredmedia":[{"embeddable":true,"href":"https:\/\/artaora.com\/fr\/wp-json\/wp\/v2\/media\/329"}],"wp:attachment":[{"href":"https:\/\/artaora.com\/fr\/wp-json\/wp\/v2\/media?parent=332"}],"wp:term":[{"taxonomy":"product_brand","embeddable":true,"href":"https:\/\/artaora.com\/fr\/wp-json\/wp\/v2\/product_brand?post=332"},{"taxonomy":"product_cat","embeddable":true,"href":"https:\/\/artaora.com\/fr\/wp-json\/wp\/v2\/product_cat?post=332"},{"taxonomy":"product_tag","embeddable":true,"href":"https:\/\/artaora.com\/fr\/wp-json\/wp\/v2\/product_tag?post=332"}],"curies":[{"name":"wp","href":"https:\/\/api.w.org\/{rel}","templated":true}]}}