{"id":340,"date":"2026-03-01T12:19:12","date_gmt":"2026-03-01T12:19:12","guid":{"rendered":"https:\/\/artaora.com\/product\/parure-industrielle-vert-emeraude-avec-engrenages-de-montre\/"},"modified":"2026-03-01T13:52:21","modified_gmt":"2026-03-01T13:52:21","slug":"parure-industrielle-vert-emeraude-avec-engrenages-de-montre","status":"publish","type":"product","link":"https:\/\/artaora.com\/fr\/produit\/parure-industrielle-vert-emeraude-avec-engrenages-de-montre\/","title":{"rendered":"Parure Industrielle Vert \u00c9meraude avec Engrenages de Montre"},"content":{"rendered":"<p>A ready-to-gift industrial jewelry set constructed from recycled pi\u00e8ces de montre over green paint. The pi\u00e8ces de montre breloque gives the set a defined identity while r\u00e9sine ensures durability. Taille : 12mm.<\/p>\n","protected":false},"excerpt":{"rendered":"<p>A ready-to-gift industrial jewelry set constructed from recycled pi\u00e8ces de montre over green paint. The pi\u00e8ces de montre breloque gives the set a defined identity while r\u00e9sine ensures durability. Taille : 12mm.<\/p>\n","protected":false},"featured_media":337,"comment_status":"open","ping_status":"closed","template":"","meta":[],"product_brand":[],"product_cat":[229],"product_tag":[],"class_list":{"0":"post-340","1":"product","2":"type-product","3":"status-publish","4":"has-post-thumbnail","6":"product_cat-parures","7":"pa_charm-pieces-de-montre-uniquement","8":"pa_color-vert","9":"pa_size-12mm","11":"first","12":"instock","13":"taxable","14":"shipping-taxable","15":"purchasable","16":"product-type-simple"},"_links":{"self":[{"href":"https:\/\/artaora.com\/fr\/wp-json\/wp\/v2\/product\/340","targetHints":{"allow":["GET"]}}],"collection":[{"href":"https:\/\/artaora.com\/fr\/wp-json\/wp\/v2\/product"}],"about":[{"href":"https:\/\/artaora.com\/fr\/wp-json\/wp\/v2\/types\/product"}],"replies":[{"embeddable":true,"href":"https:\/\/artaora.com\/fr\/wp-json\/wp\/v2\/comments?post=340"}],"wp:featuredmedia":[{"embeddable":true,"href":"https:\/\/artaora.com\/fr\/wp-json\/wp\/v2\/media\/337"}],"wp:attachment":[{"href":"https:\/\/artaora.com\/fr\/wp-json\/wp\/v2\/media?parent=340"}],"wp:term":[{"taxonomy":"product_brand","embeddable":true,"href":"https:\/\/artaora.com\/fr\/wp-json\/wp\/v2\/product_brand?post=340"},{"taxonomy":"product_cat","embeddable":true,"href":"https:\/\/artaora.com\/fr\/wp-json\/wp\/v2\/product_cat?post=340"},{"taxonomy":"product_tag","embeddable":true,"href":"https:\/\/artaora.com\/fr\/wp-json\/wp\/v2\/product_tag?post=340"}],"curies":[{"name":"wp","href":"https:\/\/api.w.org\/{rel}","templated":true}]}}