{"id":344,"date":"2026-03-01T12:19:13","date_gmt":"2026-03-01T12:19:13","guid":{"rendered":"https:\/\/artaora.com\/product\/parure-industrielle-bleu-nuit-avec-engrenages-de-montre\/"},"modified":"2026-03-01T13:52:22","modified_gmt":"2026-03-01T13:52:22","slug":"parure-industrielle-bleu-nuit-avec-engrenages-de-montre","status":"publish","type":"product","link":"https:\/\/artaora.com\/fr\/produit\/parure-industrielle-bleu-nuit-avec-engrenages-de-montre\/","title":{"rendered":"Parure Industrielle Bleu Nuit avec Engrenages de Montre"},"content":{"rendered":"<p>Construit sur une base en acier inoxydable and sealed in r\u00e9sine, this statement jewelry set features blue paint layered with recycled pi\u00e8ces de montre. The pi\u00e8ces de montre breloque defines the visual focus. Taille : 12mm.<\/p>\n","protected":false},"excerpt":{"rendered":"<p>Construit sur une base en acier inoxydable and sealed in r\u00e9sine, this statement jewelry set features blue paint layered with recycled pi\u00e8ces de montre. The pi\u00e8ces de montre breloque defines the visual focus. Taille : 12mm.<\/p>\n","protected":false},"featured_media":341,"comment_status":"open","ping_status":"closed","template":"","meta":[],"product_brand":[],"product_cat":[229],"product_tag":[],"class_list":{"0":"post-344","1":"product","2":"type-product","3":"status-publish","4":"has-post-thumbnail","6":"product_cat-parures","7":"pa_charm-pieces-de-montre-uniquement","8":"pa_color-bleu","9":"pa_size-12mm","11":"first","12":"instock","13":"taxable","14":"shipping-taxable","15":"purchasable","16":"product-type-simple"},"_links":{"self":[{"href":"https:\/\/artaora.com\/fr\/wp-json\/wp\/v2\/product\/344","targetHints":{"allow":["GET"]}}],"collection":[{"href":"https:\/\/artaora.com\/fr\/wp-json\/wp\/v2\/product"}],"about":[{"href":"https:\/\/artaora.com\/fr\/wp-json\/wp\/v2\/types\/product"}],"replies":[{"embeddable":true,"href":"https:\/\/artaora.com\/fr\/wp-json\/wp\/v2\/comments?post=344"}],"wp:featuredmedia":[{"embeddable":true,"href":"https:\/\/artaora.com\/fr\/wp-json\/wp\/v2\/media\/341"}],"wp:attachment":[{"href":"https:\/\/artaora.com\/fr\/wp-json\/wp\/v2\/media?parent=344"}],"wp:term":[{"taxonomy":"product_brand","embeddable":true,"href":"https:\/\/artaora.com\/fr\/wp-json\/wp\/v2\/product_brand?post=344"},{"taxonomy":"product_cat","embeddable":true,"href":"https:\/\/artaora.com\/fr\/wp-json\/wp\/v2\/product_cat?post=344"},{"taxonomy":"product_tag","embeddable":true,"href":"https:\/\/artaora.com\/fr\/wp-json\/wp\/v2\/product_tag?post=344"}],"curies":[{"name":"wp","href":"https:\/\/api.w.org\/{rel}","templated":true}]}}