{"id":352,"date":"2026-03-01T12:19:15","date_gmt":"2026-03-01T12:19:15","guid":{"rendered":"https:\/\/artaora.com\/product\/parure-industrielle-vert-fonce-avec-engrenages-de-montre\/"},"modified":"2026-03-01T13:52:23","modified_gmt":"2026-03-01T13:52:23","slug":"parure-industrielle-vert-fonce-avec-engrenages-de-montre","status":"publish","type":"product","link":"https:\/\/artaora.com\/fr\/produit\/parure-industrielle-vert-fonce-avec-engrenages-de-montre\/","title":{"rendered":"Parure Industrielle Vert Fonc\u00e9 avec Engrenages de Montre"},"content":{"rendered":"<p>Green | Dark Green sets the dominant tone across this mixed-media jewelry set, contrasted by the mechanical texture of embedded pi\u00e8ces de montre. Finished with a pi\u00e8ces de montre breloque under r\u00e9sine. Taille : 12mm.<\/p>\n","protected":false},"excerpt":{"rendered":"<p>Green | Dark Green sets the dominant tone across this mixed-media jewelry set, contrasted by the mechanical texture of embedded pi\u00e8ces de montre. Finished with a pi\u00e8ces de montre breloque under r\u00e9sine. Taille : 12mm.<\/p>\n","protected":false},"featured_media":349,"comment_status":"open","ping_status":"closed","template":"","meta":[],"product_brand":[],"product_cat":[229],"product_tag":[],"class_list":{"0":"post-352","1":"product","2":"type-product","3":"status-publish","4":"has-post-thumbnail","6":"product_cat-parures","7":"pa_charm-pieces-de-montre-uniquement","8":"pa_color-vert","9":"pa_color-vert-fonce","10":"pa_size-12mm","12":"first","13":"instock","14":"taxable","15":"shipping-taxable","16":"purchasable","17":"product-type-simple"},"_links":{"self":[{"href":"https:\/\/artaora.com\/fr\/wp-json\/wp\/v2\/product\/352","targetHints":{"allow":["GET"]}}],"collection":[{"href":"https:\/\/artaora.com\/fr\/wp-json\/wp\/v2\/product"}],"about":[{"href":"https:\/\/artaora.com\/fr\/wp-json\/wp\/v2\/types\/product"}],"replies":[{"embeddable":true,"href":"https:\/\/artaora.com\/fr\/wp-json\/wp\/v2\/comments?post=352"}],"wp:featuredmedia":[{"embeddable":true,"href":"https:\/\/artaora.com\/fr\/wp-json\/wp\/v2\/media\/349"}],"wp:attachment":[{"href":"https:\/\/artaora.com\/fr\/wp-json\/wp\/v2\/media?parent=352"}],"wp:term":[{"taxonomy":"product_brand","embeddable":true,"href":"https:\/\/artaora.com\/fr\/wp-json\/wp\/v2\/product_brand?post=352"},{"taxonomy":"product_cat","embeddable":true,"href":"https:\/\/artaora.com\/fr\/wp-json\/wp\/v2\/product_cat?post=352"},{"taxonomy":"product_tag","embeddable":true,"href":"https:\/\/artaora.com\/fr\/wp-json\/wp\/v2\/product_tag?post=352"}],"curies":[{"name":"wp","href":"https:\/\/api.w.org\/{rel}","templated":true}]}}