{"id":364,"date":"2026-03-01T12:19:18","date_gmt":"2026-03-01T12:19:18","guid":{"rendered":"https:\/\/artaora.com\/product\/parure-industrielle-orange-vif-avec-engrenages-de-montre\/"},"modified":"2026-03-01T13:52:25","modified_gmt":"2026-03-01T13:52:25","slug":"parure-industrielle-orange-vif-avec-engrenages-de-montre","status":"publish","type":"product","link":"https:\/\/artaora.com\/fr\/produit\/parure-industrielle-orange-vif-avec-engrenages-de-montre\/","title":{"rendered":"Parure Industrielle Orange Vif avec Engrenages de Montre"},"content":{"rendered":"<p>Construit sur une base en acier inoxydable and sealed in r\u00e9sine, this handcrafted accessory set features orange paint layered with recycled pi\u00e8ces de montre. The pi\u00e8ces de montre breloque defines the visual focus. Taille : 12mm.<\/p>\n","protected":false},"excerpt":{"rendered":"<p>Construit sur une base en acier inoxydable and sealed in r\u00e9sine, this handcrafted accessory set features orange paint layered with recycled pi\u00e8ces de montre. The pi\u00e8ces de montre breloque defines the visual focus. Taille : 12mm.<\/p>\n","protected":false},"featured_media":361,"comment_status":"open","ping_status":"closed","template":"","meta":[],"product_brand":[],"product_cat":[229],"product_tag":[],"class_list":{"0":"post-364","1":"product","2":"type-product","3":"status-publish","4":"has-post-thumbnail","6":"product_cat-parures","7":"pa_charm-pieces-de-montre-uniquement","8":"pa_color-orange","9":"pa_size-12mm","11":"first","12":"instock","13":"taxable","14":"shipping-taxable","15":"purchasable","16":"product-type-simple"},"_links":{"self":[{"href":"https:\/\/artaora.com\/fr\/wp-json\/wp\/v2\/product\/364","targetHints":{"allow":["GET"]}}],"collection":[{"href":"https:\/\/artaora.com\/fr\/wp-json\/wp\/v2\/product"}],"about":[{"href":"https:\/\/artaora.com\/fr\/wp-json\/wp\/v2\/types\/product"}],"replies":[{"embeddable":true,"href":"https:\/\/artaora.com\/fr\/wp-json\/wp\/v2\/comments?post=364"}],"wp:featuredmedia":[{"embeddable":true,"href":"https:\/\/artaora.com\/fr\/wp-json\/wp\/v2\/media\/361"}],"wp:attachment":[{"href":"https:\/\/artaora.com\/fr\/wp-json\/wp\/v2\/media?parent=364"}],"wp:term":[{"taxonomy":"product_brand","embeddable":true,"href":"https:\/\/artaora.com\/fr\/wp-json\/wp\/v2\/product_brand?post=364"},{"taxonomy":"product_cat","embeddable":true,"href":"https:\/\/artaora.com\/fr\/wp-json\/wp\/v2\/product_cat?post=364"},{"taxonomy":"product_tag","embeddable":true,"href":"https:\/\/artaora.com\/fr\/wp-json\/wp\/v2\/product_tag?post=364"}],"curies":[{"name":"wp","href":"https:\/\/api.w.org\/{rel}","templated":true}]}}