{"id":372,"date":"2026-03-01T12:19:21","date_gmt":"2026-03-01T12:19:21","guid":{"rendered":"https:\/\/artaora.com\/product\/parure-industrielle-rose-framboise-avec-engrenages-de-montre\/"},"modified":"2026-03-01T13:52:26","modified_gmt":"2026-03-01T13:52:26","slug":"parure-industrielle-rose-framboise-avec-engrenages-de-montre","status":"publish","type":"product","link":"https:\/\/artaora.com\/fr\/produit\/parure-industrielle-rose-framboise-avec-engrenages-de-montre\/","title":{"rendered":"Parure Industrielle Rose Framboise avec Engrenages de Montre"},"content":{"rendered":"<p>Pink sets the dominant tone across this coordinated necklace and earrings set, contrasted by the mechanical texture of embedded pi\u00e8ces de montre. Finished with a pi\u00e8ces de montre breloque under r\u00e9sine. Taille : 12mm.<\/p>\n","protected":false},"excerpt":{"rendered":"<p>Pink sets the dominant tone across this coordinated necklace and earrings set, contrasted by the mechanical texture of embedded pi\u00e8ces de montre. Finished with a pi\u00e8ces de montre breloque under r\u00e9sine. Taille : 12mm.<\/p>\n","protected":false},"featured_media":369,"comment_status":"open","ping_status":"closed","template":"","meta":[],"product_brand":[],"product_cat":[229],"product_tag":[],"class_list":{"0":"post-372","1":"product","2":"type-product","3":"status-publish","4":"has-post-thumbnail","6":"product_cat-parures","7":"pa_charm-pieces-de-montre-uniquement","8":"pa_color-rose","9":"pa_size-12mm","11":"first","12":"instock","13":"taxable","14":"shipping-taxable","15":"purchasable","16":"product-type-simple"},"_links":{"self":[{"href":"https:\/\/artaora.com\/fr\/wp-json\/wp\/v2\/product\/372","targetHints":{"allow":["GET"]}}],"collection":[{"href":"https:\/\/artaora.com\/fr\/wp-json\/wp\/v2\/product"}],"about":[{"href":"https:\/\/artaora.com\/fr\/wp-json\/wp\/v2\/types\/product"}],"replies":[{"embeddable":true,"href":"https:\/\/artaora.com\/fr\/wp-json\/wp\/v2\/comments?post=372"}],"wp:featuredmedia":[{"embeddable":true,"href":"https:\/\/artaora.com\/fr\/wp-json\/wp\/v2\/media\/369"}],"wp:attachment":[{"href":"https:\/\/artaora.com\/fr\/wp-json\/wp\/v2\/media?parent=372"}],"wp:term":[{"taxonomy":"product_brand","embeddable":true,"href":"https:\/\/artaora.com\/fr\/wp-json\/wp\/v2\/product_brand?post=372"},{"taxonomy":"product_cat","embeddable":true,"href":"https:\/\/artaora.com\/fr\/wp-json\/wp\/v2\/product_cat?post=372"},{"taxonomy":"product_tag","embeddable":true,"href":"https:\/\/artaora.com\/fr\/wp-json\/wp\/v2\/product_tag?post=372"}],"curies":[{"name":"wp","href":"https:\/\/api.w.org\/{rel}","templated":true}]}}