{"id":376,"date":"2026-03-01T12:19:22","date_gmt":"2026-03-01T12:19:22","guid":{"rendered":"https:\/\/artaora.com\/product\/parure-industrielle-verte-arbre-de-vie-et-mecanismes-de-montre\/"},"modified":"2026-03-01T13:52:26","modified_gmt":"2026-03-01T13:52:26","slug":"parure-industrielle-verte-arbre-de-vie-et-mecanismes-de-montre","status":"publish","type":"product","link":"https:\/\/artaora.com\/fr\/produit\/parure-industrielle-verte-arbre-de-vie-et-mecanismes-de-montre\/","title":{"rendered":"Parure Industrielle Verte Arbre de Vie et M\u00e9canismes de Montre"},"content":{"rendered":"<p>Une base peinte en vert met en valeur un Arbre de Vie d\u00e9taill\u00e9, associ\u00e9 \u00e0 des engrenages de montre recycl\u00e9s et scell\u00e9 sous r\u00e9sine. R\u00e9alis\u00e9e en acier inoxydable, cette parure bague et boucles d\u2019oreilles affirme une esth\u00e9tique steampunk coh\u00e9rente et symbolique. La bague est ajustable pour s\u2019adapter facilement.<\/p>\n","protected":false},"excerpt":{"rendered":"<p>Une base peinte en vert met en valeur un Arbre de Vie d\u00e9taill\u00e9, associ\u00e9 \u00e0 des engrenages de montre recycl\u00e9s et scell\u00e9 sous r\u00e9sine. R\u00e9alis\u00e9e en acier inoxydable, cette parure bague et boucles d\u2019oreilles affirme une esth\u00e9tique steampunk coh\u00e9rente et symbolique. La bague est ajustable pour s\u2019adapter facilement.<\/p>\n","protected":false},"featured_media":373,"comment_status":"open","ping_status":"closed","template":"","meta":[],"product_brand":[],"product_cat":[229],"product_tag":[],"class_list":{"0":"post-376","1":"product","2":"type-product","3":"status-publish","4":"has-post-thumbnail","6":"product_cat-parures","7":"pa_charm-arbre-de-vie","8":"pa_charm-nature","9":"pa_color-vert","10":"pa_size-16mm","12":"first","13":"instock","14":"taxable","15":"shipping-taxable","16":"purchasable","17":"product-type-simple"},"_links":{"self":[{"href":"https:\/\/artaora.com\/fr\/wp-json\/wp\/v2\/product\/376","targetHints":{"allow":["GET"]}}],"collection":[{"href":"https:\/\/artaora.com\/fr\/wp-json\/wp\/v2\/product"}],"about":[{"href":"https:\/\/artaora.com\/fr\/wp-json\/wp\/v2\/types\/product"}],"replies":[{"embeddable":true,"href":"https:\/\/artaora.com\/fr\/wp-json\/wp\/v2\/comments?post=376"}],"wp:featuredmedia":[{"embeddable":true,"href":"https:\/\/artaora.com\/fr\/wp-json\/wp\/v2\/media\/373"}],"wp:attachment":[{"href":"https:\/\/artaora.com\/fr\/wp-json\/wp\/v2\/media?parent=376"}],"wp:term":[{"taxonomy":"product_brand","embeddable":true,"href":"https:\/\/artaora.com\/fr\/wp-json\/wp\/v2\/product_brand?post=376"},{"taxonomy":"product_cat","embeddable":true,"href":"https:\/\/artaora.com\/fr\/wp-json\/wp\/v2\/product_cat?post=376"},{"taxonomy":"product_tag","embeddable":true,"href":"https:\/\/artaora.com\/fr\/wp-json\/wp\/v2\/product_tag?post=376"}],"curies":[{"name":"wp","href":"https:\/\/api.w.org\/{rel}","templated":true}]}}