{"id":380,"date":"2026-03-01T12:19:23","date_gmt":"2026-03-01T12:19:23","guid":{"rendered":"https:\/\/artaora.com\/product\/parure-turquoise-mecanique-avec-engrenages-et-resine\/"},"modified":"2026-03-01T13:52:26","modified_gmt":"2026-03-01T13:52:26","slug":"parure-turquoise-mecanique-avec-engrenages-et-resine","status":"publish","type":"product","link":"https:\/\/artaora.com\/fr\/produit\/parure-turquoise-mecanique-avec-engrenages-et-resine\/","title":{"rendered":"Parure Turquoise M\u00e9canique avec Engrenages et R\u00e9sine"},"content":{"rendered":"<p>Des engrenages superpos\u00e9s structurent cette base peinte en turquoise, formant une composition industrielle scell\u00e9e sous r\u00e9sine. Con\u00e7ue comme une parure bague et boucles d\u2019oreilles en acier inoxydable, elle incarne une v\u00e9ritable bijouterie en pi\u00e8ces de montre recycl\u00e9es. La bague est ajustable pour un port adaptable.<\/p>\n","protected":false},"excerpt":{"rendered":"<p>Des engrenages superpos\u00e9s structurent cette base peinte en turquoise, formant une composition industrielle scell\u00e9e sous r\u00e9sine. Con\u00e7ue comme une parure bague et boucles d\u2019oreilles en acier inoxydable, elle incarne une v\u00e9ritable bijouterie en pi\u00e8ces de montre recycl\u00e9es. La bague est ajustable pour un port adaptable.<\/p>\n","protected":false},"featured_media":377,"comment_status":"open","ping_status":"closed","template":"","meta":[],"product_brand":[],"product_cat":[229],"product_tag":[],"class_list":{"0":"post-380","1":"product","2":"type-product","3":"status-publish","4":"has-post-thumbnail","6":"product_cat-parures","7":"pa_charm-pieces-de-montre-uniquement","8":"pa_color-turquoise","9":"pa_size-16mm","11":"first","12":"instock","13":"taxable","14":"shipping-taxable","15":"purchasable","16":"product-type-simple"},"_links":{"self":[{"href":"https:\/\/artaora.com\/fr\/wp-json\/wp\/v2\/product\/380","targetHints":{"allow":["GET"]}}],"collection":[{"href":"https:\/\/artaora.com\/fr\/wp-json\/wp\/v2\/product"}],"about":[{"href":"https:\/\/artaora.com\/fr\/wp-json\/wp\/v2\/types\/product"}],"replies":[{"embeddable":true,"href":"https:\/\/artaora.com\/fr\/wp-json\/wp\/v2\/comments?post=380"}],"wp:featuredmedia":[{"embeddable":true,"href":"https:\/\/artaora.com\/fr\/wp-json\/wp\/v2\/media\/377"}],"wp:attachment":[{"href":"https:\/\/artaora.com\/fr\/wp-json\/wp\/v2\/media?parent=380"}],"wp:term":[{"taxonomy":"product_brand","embeddable":true,"href":"https:\/\/artaora.com\/fr\/wp-json\/wp\/v2\/product_brand?post=380"},{"taxonomy":"product_cat","embeddable":true,"href":"https:\/\/artaora.com\/fr\/wp-json\/wp\/v2\/product_cat?post=380"},{"taxonomy":"product_tag","embeddable":true,"href":"https:\/\/artaora.com\/fr\/wp-json\/wp\/v2\/product_tag?post=380"}],"curies":[{"name":"wp","href":"https:\/\/api.w.org\/{rel}","templated":true}]}}