{"id":384,"date":"2026-03-01T12:19:25","date_gmt":"2026-03-01T12:19:25","guid":{"rendered":"https:\/\/artaora.com\/product\/parure-beige-mecanique-avec-engrenages-de-montre-et-resine\/"},"modified":"2026-03-01T13:52:27","modified_gmt":"2026-03-01T13:52:27","slug":"parure-beige-mecanique-avec-engrenages-de-montre-et-resine","status":"publish","type":"product","link":"https:\/\/artaora.com\/fr\/produit\/parure-beige-mecanique-avec-engrenages-de-montre-et-resine\/","title":{"rendered":"Parure Beige M\u00e9canique avec Engrenages de Montre et R\u00e9sine"},"content":{"rendered":"<p>Une base peinte en beige met en valeur des m\u00e9canismes de montre recycl\u00e9s apparents, scell\u00e9s sous r\u00e9sine pour une composition m\u00e9canique \u00e9quilibr\u00e9e. Cette parure artisanale bague et boucles d\u2019oreilles incarne un bijou steampunk aux tonalit\u00e9s industrielles ma\u00eetris\u00e9es. La bague est ajustable pour s\u2019adapter facilement.<\/p>\n","protected":false},"excerpt":{"rendered":"<p>Une base peinte en beige met en valeur des m\u00e9canismes de montre recycl\u00e9s apparents, scell\u00e9s sous r\u00e9sine pour une composition m\u00e9canique \u00e9quilibr\u00e9e. Cette parure artisanale bague et boucles d\u2019oreilles incarne un bijou steampunk aux tonalit\u00e9s industrielles ma\u00eetris\u00e9es. La bague est ajustable pour s\u2019adapter facilement.<\/p>\n","protected":false},"featured_media":381,"comment_status":"open","ping_status":"closed","template":"","meta":[],"product_brand":[],"product_cat":[229],"product_tag":[],"class_list":{"0":"post-384","1":"product","2":"type-product","3":"status-publish","4":"has-post-thumbnail","6":"product_cat-parures","7":"pa_charm-pieces-de-montre-uniquement","8":"pa_color-beige","9":"pa_size-16mm","11":"first","12":"instock","13":"taxable","14":"shipping-taxable","15":"purchasable","16":"product-type-simple"},"_links":{"self":[{"href":"https:\/\/artaora.com\/fr\/wp-json\/wp\/v2\/product\/384","targetHints":{"allow":["GET"]}}],"collection":[{"href":"https:\/\/artaora.com\/fr\/wp-json\/wp\/v2\/product"}],"about":[{"href":"https:\/\/artaora.com\/fr\/wp-json\/wp\/v2\/types\/product"}],"replies":[{"embeddable":true,"href":"https:\/\/artaora.com\/fr\/wp-json\/wp\/v2\/comments?post=384"}],"wp:featuredmedia":[{"embeddable":true,"href":"https:\/\/artaora.com\/fr\/wp-json\/wp\/v2\/media\/381"}],"wp:attachment":[{"href":"https:\/\/artaora.com\/fr\/wp-json\/wp\/v2\/media?parent=384"}],"wp:term":[{"taxonomy":"product_brand","embeddable":true,"href":"https:\/\/artaora.com\/fr\/wp-json\/wp\/v2\/product_brand?post=384"},{"taxonomy":"product_cat","embeddable":true,"href":"https:\/\/artaora.com\/fr\/wp-json\/wp\/v2\/product_cat?post=384"},{"taxonomy":"product_tag","embeddable":true,"href":"https:\/\/artaora.com\/fr\/wp-json\/wp\/v2\/product_tag?post=384"}],"curies":[{"name":"wp","href":"https:\/\/api.w.org\/{rel}","templated":true}]}}