{"id":388,"date":"2026-03-01T12:19:26","date_gmt":"2026-03-01T12:19:26","guid":{"rendered":"https:\/\/artaora.com\/product\/parure-noire-industrielle-avec-engrenages-de-montre\/"},"modified":"2026-03-01T13:52:27","modified_gmt":"2026-03-01T13:52:27","slug":"parure-noire-industrielle-avec-engrenages-de-montre","status":"publish","type":"product","link":"https:\/\/artaora.com\/fr\/produit\/parure-noire-industrielle-avec-engrenages-de-montre\/","title":{"rendered":"Parure Noire Industrielle avec Engrenages de Montre"},"content":{"rendered":"<p>Des engrenages m\u00e9talliques contrast\u00e9s se d\u00e9tachent sur une base peinte en noir, scell\u00e9e sous r\u00e9sine transparente. Cette parure bague et boucles d\u2019oreilles met en avant la g\u00e9om\u00e9trie brute des \u00e9l\u00e9ments m\u00e9caniques, affirmant un style industriel marqu\u00e9. La bague est ajustable pour convenir \u00e0 diff\u00e9rentes tailles.<\/p>\n","protected":false},"excerpt":{"rendered":"<p>Des engrenages m\u00e9talliques contrast\u00e9s se d\u00e9tachent sur une base peinte en noir, scell\u00e9e sous r\u00e9sine transparente. Cette parure bague et boucles d\u2019oreilles met en avant la g\u00e9om\u00e9trie brute des \u00e9l\u00e9ments m\u00e9caniques, affirmant un style industriel marqu\u00e9. La bague est ajustable pour convenir \u00e0 diff\u00e9rentes tailles.<\/p>\n","protected":false},"featured_media":385,"comment_status":"open","ping_status":"closed","template":"","meta":[],"product_brand":[],"product_cat":[229],"product_tag":[],"class_list":{"0":"post-388","1":"product","2":"type-product","3":"status-publish","4":"has-post-thumbnail","6":"product_cat-parures","7":"pa_charm-pieces-de-montre-uniquement","8":"pa_color-noir","9":"pa_size-16mm","11":"first","12":"instock","13":"taxable","14":"shipping-taxable","15":"purchasable","16":"product-type-simple"},"_links":{"self":[{"href":"https:\/\/artaora.com\/fr\/wp-json\/wp\/v2\/product\/388","targetHints":{"allow":["GET"]}}],"collection":[{"href":"https:\/\/artaora.com\/fr\/wp-json\/wp\/v2\/product"}],"about":[{"href":"https:\/\/artaora.com\/fr\/wp-json\/wp\/v2\/types\/product"}],"replies":[{"embeddable":true,"href":"https:\/\/artaora.com\/fr\/wp-json\/wp\/v2\/comments?post=388"}],"wp:featuredmedia":[{"embeddable":true,"href":"https:\/\/artaora.com\/fr\/wp-json\/wp\/v2\/media\/385"}],"wp:attachment":[{"href":"https:\/\/artaora.com\/fr\/wp-json\/wp\/v2\/media?parent=388"}],"wp:term":[{"taxonomy":"product_brand","embeddable":true,"href":"https:\/\/artaora.com\/fr\/wp-json\/wp\/v2\/product_brand?post=388"},{"taxonomy":"product_cat","embeddable":true,"href":"https:\/\/artaora.com\/fr\/wp-json\/wp\/v2\/product_cat?post=388"},{"taxonomy":"product_tag","embeddable":true,"href":"https:\/\/artaora.com\/fr\/wp-json\/wp\/v2\/product_tag?post=388"}],"curies":[{"name":"wp","href":"https:\/\/api.w.org\/{rel}","templated":true}]}}