{"id":392,"date":"2026-03-01T12:19:27","date_gmt":"2026-03-01T12:19:27","guid":{"rendered":"https:\/\/artaora.com\/product\/parure-verte-intense-mecanique-a-engrenages\/"},"modified":"2026-03-01T13:52:28","modified_gmt":"2026-03-01T13:52:28","slug":"parure-verte-intense-mecanique-a-engrenages","status":"publish","type":"product","link":"https:\/\/artaora.com\/fr\/produit\/parure-verte-intense-mecanique-a-engrenages\/","title":{"rendered":"Parure Verte Intense M\u00e9canique \u00e0 Engrenages"},"content":{"rendered":"<p>Un pigment vert vif compose un fond satur\u00e9 pour des engrenages de montre superpos\u00e9s et scell\u00e9s sous r\u00e9sine. Cette parure artisanale bague et boucles d\u2019oreilles affirme une esth\u00e9tique m\u00e9canique forte dans un format compact. La bague est ajustable pour un port adaptable au quotidien.<\/p>\n","protected":false},"excerpt":{"rendered":"<p>Un pigment vert vif compose un fond satur\u00e9 pour des engrenages de montre superpos\u00e9s et scell\u00e9s sous r\u00e9sine. Cette parure artisanale bague et boucles d\u2019oreilles affirme une esth\u00e9tique m\u00e9canique forte dans un format compact. La bague est ajustable pour un port adaptable au quotidien.<\/p>\n","protected":false},"featured_media":389,"comment_status":"open","ping_status":"closed","template":"","meta":[],"product_brand":[],"product_cat":[229],"product_tag":[],"class_list":{"0":"post-392","1":"product","2":"type-product","3":"status-publish","4":"has-post-thumbnail","6":"product_cat-parures","7":"pa_charm-pieces-de-montre-uniquement","8":"pa_color-vert","9":"pa_size-16mm","11":"first","12":"instock","13":"taxable","14":"shipping-taxable","15":"purchasable","16":"product-type-simple"},"_links":{"self":[{"href":"https:\/\/artaora.com\/fr\/wp-json\/wp\/v2\/product\/392","targetHints":{"allow":["GET"]}}],"collection":[{"href":"https:\/\/artaora.com\/fr\/wp-json\/wp\/v2\/product"}],"about":[{"href":"https:\/\/artaora.com\/fr\/wp-json\/wp\/v2\/types\/product"}],"replies":[{"embeddable":true,"href":"https:\/\/artaora.com\/fr\/wp-json\/wp\/v2\/comments?post=392"}],"wp:featuredmedia":[{"embeddable":true,"href":"https:\/\/artaora.com\/fr\/wp-json\/wp\/v2\/media\/389"}],"wp:attachment":[{"href":"https:\/\/artaora.com\/fr\/wp-json\/wp\/v2\/media?parent=392"}],"wp:term":[{"taxonomy":"product_brand","embeddable":true,"href":"https:\/\/artaora.com\/fr\/wp-json\/wp\/v2\/product_brand?post=392"},{"taxonomy":"product_cat","embeddable":true,"href":"https:\/\/artaora.com\/fr\/wp-json\/wp\/v2\/product_cat?post=392"},{"taxonomy":"product_tag","embeddable":true,"href":"https:\/\/artaora.com\/fr\/wp-json\/wp\/v2\/product_tag?post=392"}],"curies":[{"name":"wp","href":"https:\/\/api.w.org\/{rel}","templated":true}]}}