{"id":396,"date":"2026-03-01T12:19:29","date_gmt":"2026-03-01T12:19:29","guid":{"rendered":"https:\/\/artaora.com\/product\/parure-doree-mecanique-avec-engrenages-de-montre-et-resine\/"},"modified":"2026-03-01T13:52:28","modified_gmt":"2026-03-01T13:52:28","slug":"parure-doree-mecanique-avec-engrenages-de-montre-et-resine","status":"publish","type":"product","link":"https:\/\/artaora.com\/fr\/produit\/parure-doree-mecanique-avec-engrenages-de-montre-et-resine\/","title":{"rendered":"Parure Dor\u00e9e M\u00e9canique avec Engrenages de Montre et R\u00e9sine"},"content":{"rendered":"<p>Des tonalit\u00e9s dor\u00e9es chaleureuses structurent la base peinte, apportant de la profondeur sous des composants de montre recycl\u00e9s scell\u00e9s sous r\u00e9sine. Cette parure bague et boucles d\u2019oreilles incarne un bijou industriel raffin\u00e9 aux d\u00e9tails m\u00e9caniques lumineux. La bague est ajustable pour un port polyvalent.<\/p>\n","protected":false},"excerpt":{"rendered":"<p>Des tonalit\u00e9s dor\u00e9es chaleureuses structurent la base peinte, apportant de la profondeur sous des composants de montre recycl\u00e9s scell\u00e9s sous r\u00e9sine. Cette parure bague et boucles d\u2019oreilles incarne un bijou industriel raffin\u00e9 aux d\u00e9tails m\u00e9caniques lumineux. La bague est ajustable pour un port polyvalent.<\/p>\n","protected":false},"featured_media":393,"comment_status":"open","ping_status":"closed","template":"","meta":[],"product_brand":[],"product_cat":[229],"product_tag":[],"class_list":{"0":"post-396","1":"product","2":"type-product","3":"status-publish","4":"has-post-thumbnail","6":"product_cat-parures","7":"pa_charm-pieces-de-montre-uniquement","8":"pa_color-dore","9":"pa_size-16mm","11":"first","12":"instock","13":"taxable","14":"shipping-taxable","15":"purchasable","16":"product-type-simple"},"_links":{"self":[{"href":"https:\/\/artaora.com\/fr\/wp-json\/wp\/v2\/product\/396","targetHints":{"allow":["GET"]}}],"collection":[{"href":"https:\/\/artaora.com\/fr\/wp-json\/wp\/v2\/product"}],"about":[{"href":"https:\/\/artaora.com\/fr\/wp-json\/wp\/v2\/types\/product"}],"replies":[{"embeddable":true,"href":"https:\/\/artaora.com\/fr\/wp-json\/wp\/v2\/comments?post=396"}],"wp:featuredmedia":[{"embeddable":true,"href":"https:\/\/artaora.com\/fr\/wp-json\/wp\/v2\/media\/393"}],"wp:attachment":[{"href":"https:\/\/artaora.com\/fr\/wp-json\/wp\/v2\/media?parent=396"}],"wp:term":[{"taxonomy":"product_brand","embeddable":true,"href":"https:\/\/artaora.com\/fr\/wp-json\/wp\/v2\/product_brand?post=396"},{"taxonomy":"product_cat","embeddable":true,"href":"https:\/\/artaora.com\/fr\/wp-json\/wp\/v2\/product_cat?post=396"},{"taxonomy":"product_tag","embeddable":true,"href":"https:\/\/artaora.com\/fr\/wp-json\/wp\/v2\/product_tag?post=396"}],"curies":[{"name":"wp","href":"https:\/\/api.w.org\/{rel}","templated":true}]}}