{"id":400,"date":"2026-03-01T12:19:30","date_gmt":"2026-03-01T12:19:30","guid":{"rendered":"https:\/\/artaora.com\/product\/parure-rouge-mecanique-avec-engrenages-de-montre\/"},"modified":"2026-03-01T13:52:29","modified_gmt":"2026-03-01T13:52:29","slug":"parure-rouge-mecanique-avec-engrenages-de-montre","status":"publish","type":"product","link":"https:\/\/artaora.com\/fr\/produit\/parure-rouge-mecanique-avec-engrenages-de-montre\/","title":{"rendered":"Parure Rouge M\u00e9canique avec Engrenages de Montre"},"content":{"rendered":"<p>Une base peinte en rouge accentue le contraste des engrenages de montre recycl\u00e9s superpos\u00e9s et scell\u00e9s sous r\u00e9sine. Cette parure bague et boucles d\u2019oreilles affirme un style m\u00e9canique audacieux dans un format compact. La bague est ajustable pour un confort adaptable.<\/p>\n","protected":false},"excerpt":{"rendered":"<p>Une base peinte en rouge accentue le contraste des engrenages de montre recycl\u00e9s superpos\u00e9s et scell\u00e9s sous r\u00e9sine. Cette parure bague et boucles d\u2019oreilles affirme un style m\u00e9canique audacieux dans un format compact. La bague est ajustable pour un confort adaptable.<\/p>\n","protected":false},"featured_media":397,"comment_status":"open","ping_status":"closed","template":"","meta":[],"product_brand":[],"product_cat":[229],"product_tag":[],"class_list":{"0":"post-400","1":"product","2":"type-product","3":"status-publish","4":"has-post-thumbnail","6":"product_cat-parures","7":"pa_charm-pieces-de-montre-uniquement","8":"pa_color-rouge","9":"pa_size-16mm","11":"first","12":"instock","13":"taxable","14":"shipping-taxable","15":"purchasable","16":"product-type-simple"},"_links":{"self":[{"href":"https:\/\/artaora.com\/fr\/wp-json\/wp\/v2\/product\/400","targetHints":{"allow":["GET"]}}],"collection":[{"href":"https:\/\/artaora.com\/fr\/wp-json\/wp\/v2\/product"}],"about":[{"href":"https:\/\/artaora.com\/fr\/wp-json\/wp\/v2\/types\/product"}],"replies":[{"embeddable":true,"href":"https:\/\/artaora.com\/fr\/wp-json\/wp\/v2\/comments?post=400"}],"wp:featuredmedia":[{"embeddable":true,"href":"https:\/\/artaora.com\/fr\/wp-json\/wp\/v2\/media\/397"}],"wp:attachment":[{"href":"https:\/\/artaora.com\/fr\/wp-json\/wp\/v2\/media?parent=400"}],"wp:term":[{"taxonomy":"product_brand","embeddable":true,"href":"https:\/\/artaora.com\/fr\/wp-json\/wp\/v2\/product_brand?post=400"},{"taxonomy":"product_cat","embeddable":true,"href":"https:\/\/artaora.com\/fr\/wp-json\/wp\/v2\/product_cat?post=400"},{"taxonomy":"product_tag","embeddable":true,"href":"https:\/\/artaora.com\/fr\/wp-json\/wp\/v2\/product_tag?post=400"}],"curies":[{"name":"wp","href":"https:\/\/api.w.org\/{rel}","templated":true}]}}