{"id":404,"date":"2026-03-01T12:19:32","date_gmt":"2026-03-01T12:19:32","guid":{"rendered":"https:\/\/artaora.com\/product\/parure-bleue-industrielle-avec-engrenages-de-montre\/"},"modified":"2026-03-01T13:52:29","modified_gmt":"2026-03-01T13:52:29","slug":"parure-bleue-industrielle-avec-engrenages-de-montre","status":"publish","type":"product","link":"https:\/\/artaora.com\/fr\/produit\/parure-bleue-industrielle-avec-engrenages-de-montre\/","title":{"rendered":"Parure Bleue Industrielle avec Engrenages de Montre"},"content":{"rendered":"<p>Un pigment bleu froid structure la base peinte sous des engrenages de montre recycl\u00e9s apparents et scell\u00e9s sous r\u00e9sine. Cette parure bague et boucles d\u2019oreilles en acier inoxydable propose une composition m\u00e9canique \u00e9quilibr\u00e9e et pr\u00e9cise. La bague est ajustable pour un port adaptable.<\/p>\n","protected":false},"excerpt":{"rendered":"<p>Un pigment bleu froid structure la base peinte sous des engrenages de montre recycl\u00e9s apparents et scell\u00e9s sous r\u00e9sine. Cette parure bague et boucles d\u2019oreilles en acier inoxydable propose une composition m\u00e9canique \u00e9quilibr\u00e9e et pr\u00e9cise. La bague est ajustable pour un port adaptable.<\/p>\n","protected":false},"featured_media":401,"comment_status":"open","ping_status":"closed","template":"","meta":[],"product_brand":[],"product_cat":[229],"product_tag":[],"class_list":{"0":"post-404","1":"product","2":"type-product","3":"status-publish","4":"has-post-thumbnail","6":"product_cat-parures","7":"pa_charm-pieces-de-montre-uniquement","8":"pa_color-bleu","9":"pa_size-16mm","11":"first","12":"instock","13":"featured","14":"taxable","15":"shipping-taxable","16":"purchasable","17":"product-type-simple"},"_links":{"self":[{"href":"https:\/\/artaora.com\/fr\/wp-json\/wp\/v2\/product\/404","targetHints":{"allow":["GET"]}}],"collection":[{"href":"https:\/\/artaora.com\/fr\/wp-json\/wp\/v2\/product"}],"about":[{"href":"https:\/\/artaora.com\/fr\/wp-json\/wp\/v2\/types\/product"}],"replies":[{"embeddable":true,"href":"https:\/\/artaora.com\/fr\/wp-json\/wp\/v2\/comments?post=404"}],"wp:featuredmedia":[{"embeddable":true,"href":"https:\/\/artaora.com\/fr\/wp-json\/wp\/v2\/media\/401"}],"wp:attachment":[{"href":"https:\/\/artaora.com\/fr\/wp-json\/wp\/v2\/media?parent=404"}],"wp:term":[{"taxonomy":"product_brand","embeddable":true,"href":"https:\/\/artaora.com\/fr\/wp-json\/wp\/v2\/product_brand?post=404"},{"taxonomy":"product_cat","embeddable":true,"href":"https:\/\/artaora.com\/fr\/wp-json\/wp\/v2\/product_cat?post=404"},{"taxonomy":"product_tag","embeddable":true,"href":"https:\/\/artaora.com\/fr\/wp-json\/wp\/v2\/product_tag?post=404"}],"curies":[{"name":"wp","href":"https:\/\/api.w.org\/{rel}","templated":true}]}}