{"id":408,"date":"2026-03-01T12:19:34","date_gmt":"2026-03-01T12:19:34","guid":{"rendered":"https:\/\/artaora.com\/product\/parure-rose-steampunk-avec-hibou-et-mecanismes\/"},"modified":"2026-03-01T13:52:30","modified_gmt":"2026-03-01T13:52:30","slug":"parure-rose-steampunk-avec-hibou-et-mecanismes","status":"publish","type":"product","link":"https:\/\/artaora.com\/fr\/produit\/parure-rose-steampunk-avec-hibou-et-mecanismes\/","title":{"rendered":"Parure rose steampunk avec hibou et m\u00e9canismes"},"content":{"rendered":"<p>Une base rose peinte structure cette parure, compos\u00e9e de m\u00e9canismes superpos\u00e9s et d\u2019un hibou sculpt\u00e9. La r\u00e9sine stabilise chaque \u00e9l\u00e9ment tout en pr\u00e9servant la nettet\u00e9 visuelle. Pens\u00e9 comme un set steampunk, il associe texture m\u00e9canique et inspiration naturelle.<\/p>\n","protected":false},"excerpt":{"rendered":"<p>Une base rose peinte structure cette parure, compos\u00e9e de m\u00e9canismes superpos\u00e9s et d\u2019un hibou sculpt\u00e9. La r\u00e9sine stabilise chaque \u00e9l\u00e9ment tout en pr\u00e9servant la nettet\u00e9 visuelle. Pens\u00e9 comme un set steampunk, il associe texture m\u00e9canique et inspiration naturelle.<\/p>\n","protected":false},"featured_media":405,"comment_status":"open","ping_status":"closed","template":"","meta":[],"product_brand":[],"product_cat":[229],"product_tag":[],"class_list":{"0":"post-408","1":"product","2":"type-product","3":"status-publish","4":"has-post-thumbnail","6":"product_cat-parures","7":"pa_charm-hibou","8":"pa_charm-nature","9":"pa_color-rose","10":"pa_size-25mm","12":"first","13":"instock","14":"taxable","15":"shipping-taxable","16":"purchasable","17":"product-type-simple"},"_links":{"self":[{"href":"https:\/\/artaora.com\/fr\/wp-json\/wp\/v2\/product\/408","targetHints":{"allow":["GET"]}}],"collection":[{"href":"https:\/\/artaora.com\/fr\/wp-json\/wp\/v2\/product"}],"about":[{"href":"https:\/\/artaora.com\/fr\/wp-json\/wp\/v2\/types\/product"}],"replies":[{"embeddable":true,"href":"https:\/\/artaora.com\/fr\/wp-json\/wp\/v2\/comments?post=408"}],"wp:featuredmedia":[{"embeddable":true,"href":"https:\/\/artaora.com\/fr\/wp-json\/wp\/v2\/media\/405"}],"wp:attachment":[{"href":"https:\/\/artaora.com\/fr\/wp-json\/wp\/v2\/media?parent=408"}],"wp:term":[{"taxonomy":"product_brand","embeddable":true,"href":"https:\/\/artaora.com\/fr\/wp-json\/wp\/v2\/product_brand?post=408"},{"taxonomy":"product_cat","embeddable":true,"href":"https:\/\/artaora.com\/fr\/wp-json\/wp\/v2\/product_cat?post=408"},{"taxonomy":"product_tag","embeddable":true,"href":"https:\/\/artaora.com\/fr\/wp-json\/wp\/v2\/product_tag?post=408"}],"curies":[{"name":"wp","href":"https:\/\/api.w.org\/{rel}","templated":true}]}}