{"id":416,"date":"2026-03-01T12:19:36","date_gmt":"2026-03-01T12:19:36","guid":{"rendered":"https:\/\/artaora.com\/product\/parure-noire-industrielle-avec-fleur-et-accents-mecaniques\/"},"modified":"2026-03-01T13:52:31","modified_gmt":"2026-03-01T13:52:31","slug":"parure-noire-industrielle-avec-fleur-et-accents-mecaniques","status":"publish","type":"product","link":"https:\/\/artaora.com\/fr\/produit\/parure-noire-industrielle-avec-fleur-et-accents-mecaniques\/","title":{"rendered":"Parure noire industrielle avec fleur et accents m\u00e9caniques"},"content":{"rendered":"<p>Une base noire profonde cr\u00e9e un contraste marqu\u00e9 avec la fleur m\u00e9tallique centrale et les m\u00e9canismes environnants. La r\u00e9sine scelle la composition en une surface lisse et nette. Cette parure au style industriel place une forme botanique au c\u0153ur d\u2019une structure m\u00e9canique.<\/p>\n","protected":false},"excerpt":{"rendered":"<p>Une base noire profonde cr\u00e9e un contraste marqu\u00e9 avec la fleur m\u00e9tallique centrale et les m\u00e9canismes environnants. La r\u00e9sine scelle la composition en une surface lisse et nette. Cette parure au style industriel place une forme botanique au c\u0153ur d\u2019une structure m\u00e9canique.<\/p>\n","protected":false},"featured_media":413,"comment_status":"open","ping_status":"closed","template":"","meta":[],"product_brand":[],"product_cat":[229],"product_tag":[],"class_list":{"0":"post-416","1":"product","2":"type-product","3":"status-publish","4":"has-post-thumbnail","6":"product_cat-parures","7":"pa_charm-fleur","8":"pa_charm-nature","9":"pa_color-noir","10":"pa_size-25mm","12":"first","13":"instock","14":"taxable","15":"shipping-taxable","16":"purchasable","17":"product-type-simple"},"_links":{"self":[{"href":"https:\/\/artaora.com\/fr\/wp-json\/wp\/v2\/product\/416","targetHints":{"allow":["GET"]}}],"collection":[{"href":"https:\/\/artaora.com\/fr\/wp-json\/wp\/v2\/product"}],"about":[{"href":"https:\/\/artaora.com\/fr\/wp-json\/wp\/v2\/types\/product"}],"replies":[{"embeddable":true,"href":"https:\/\/artaora.com\/fr\/wp-json\/wp\/v2\/comments?post=416"}],"wp:featuredmedia":[{"embeddable":true,"href":"https:\/\/artaora.com\/fr\/wp-json\/wp\/v2\/media\/413"}],"wp:attachment":[{"href":"https:\/\/artaora.com\/fr\/wp-json\/wp\/v2\/media?parent=416"}],"wp:term":[{"taxonomy":"product_brand","embeddable":true,"href":"https:\/\/artaora.com\/fr\/wp-json\/wp\/v2\/product_brand?post=416"},{"taxonomy":"product_cat","embeddable":true,"href":"https:\/\/artaora.com\/fr\/wp-json\/wp\/v2\/product_cat?post=416"},{"taxonomy":"product_tag","embeddable":true,"href":"https:\/\/artaora.com\/fr\/wp-json\/wp\/v2\/product_tag?post=416"}],"curies":[{"name":"wp","href":"https:\/\/api.w.org\/{rel}","templated":true}]}}