{"id":420,"date":"2026-03-01T12:19:38","date_gmt":"2026-03-01T12:19:38","guid":{"rendered":"https:\/\/artaora.com\/product\/parure-artistique-steampunk-orange-avec-mecanismes\/"},"modified":"2026-03-01T13:52:32","modified_gmt":"2026-03-01T13:52:32","slug":"parure-artistique-steampunk-orange-avec-mecanismes","status":"publish","type":"product","link":"https:\/\/artaora.com\/fr\/produit\/parure-artistique-steampunk-orange-avec-mecanismes\/","title":{"rendered":"Parure artistique steampunk orange avec m\u00e9canismes"},"content":{"rendered":"<p>Une base orange peinte apporte de la chaleur sous des m\u00e9canismes dispos\u00e9s en composition technique. La r\u00e9sine stabilise l\u2019ensemble tout en pr\u00e9servant la pr\u00e9cision visuelle. Cette parure steampunk en r\u00e9sine met en avant l\u2019esth\u00e9tique des rouages apparents sans \u00e9l\u00e9ment figuratif ajout\u00e9.<\/p>\n","protected":false},"excerpt":{"rendered":"<p>Une base orange peinte apporte de la chaleur sous des m\u00e9canismes dispos\u00e9s en composition technique. La r\u00e9sine stabilise l\u2019ensemble tout en pr\u00e9servant la pr\u00e9cision visuelle. Cette parure steampunk en r\u00e9sine met en avant l\u2019esth\u00e9tique des rouages apparents sans \u00e9l\u00e9ment figuratif ajout\u00e9.<\/p>\n","protected":false},"featured_media":417,"comment_status":"open","ping_status":"closed","template":"","meta":[],"product_brand":[],"product_cat":[229],"product_tag":[],"class_list":{"0":"post-420","1":"product","2":"type-product","3":"status-publish","4":"has-post-thumbnail","6":"product_cat-parures","7":"pa_charm-pieces-de-montre-uniquement","8":"pa_color-orange","9":"pa_size-25mm","11":"first","12":"instock","13":"taxable","14":"shipping-taxable","15":"purchasable","16":"product-type-simple"},"_links":{"self":[{"href":"https:\/\/artaora.com\/fr\/wp-json\/wp\/v2\/product\/420","targetHints":{"allow":["GET"]}}],"collection":[{"href":"https:\/\/artaora.com\/fr\/wp-json\/wp\/v2\/product"}],"about":[{"href":"https:\/\/artaora.com\/fr\/wp-json\/wp\/v2\/types\/product"}],"replies":[{"embeddable":true,"href":"https:\/\/artaora.com\/fr\/wp-json\/wp\/v2\/comments?post=420"}],"wp:featuredmedia":[{"embeddable":true,"href":"https:\/\/artaora.com\/fr\/wp-json\/wp\/v2\/media\/417"}],"wp:attachment":[{"href":"https:\/\/artaora.com\/fr\/wp-json\/wp\/v2\/media?parent=420"}],"wp:term":[{"taxonomy":"product_brand","embeddable":true,"href":"https:\/\/artaora.com\/fr\/wp-json\/wp\/v2\/product_brand?post=420"},{"taxonomy":"product_cat","embeddable":true,"href":"https:\/\/artaora.com\/fr\/wp-json\/wp\/v2\/product_cat?post=420"},{"taxonomy":"product_tag","embeddable":true,"href":"https:\/\/artaora.com\/fr\/wp-json\/wp\/v2\/product_tag?post=420"}],"curies":[{"name":"wp","href":"https:\/\/api.w.org\/{rel}","templated":true}]}}