{"id":432,"date":"2026-03-01T12:19:41","date_gmt":"2026-03-01T12:19:41","guid":{"rendered":"https:\/\/artaora.com\/product\/broche-hibou-steampunk-en-vert\/"},"modified":"2026-03-01T13:52:33","modified_gmt":"2026-03-01T13:52:33","slug":"broche-hibou-steampunk-en-vert","status":"publish","type":"product","link":"https:\/\/artaora.com\/fr\/produit\/broche-hibou-steampunk-en-vert\/","title":{"rendered":"Broche Hibou Steampunk en Vert"},"content":{"rendered":"<p>Une base peinte en vert structure ce broche hibou, combin\u00e9e \u00e0 des pi\u00e8ces de montre recycl\u00e9es et scell\u00e9es sous r\u00e9sine transparente. La silhouette d\u00e9taill\u00e9e affirme son identit\u00e9 de bijou steampunk dans un format compact de 25mm. Con\u00e7u en acier inoxydable pour assurer solidit\u00e9 et durabilit\u00e9.<\/p>\n","protected":false},"excerpt":{"rendered":"<p>Une base peinte en vert structure ce broche hibou, combin\u00e9e \u00e0 des pi\u00e8ces de montre recycl\u00e9es et scell\u00e9es sous r\u00e9sine transparente. La silhouette d\u00e9taill\u00e9e affirme son identit\u00e9 de bijou steampunk dans un format compact de 25mm. Con\u00e7u en acier inoxydable pour assurer solidit\u00e9 et durabilit\u00e9.<\/p>\n","protected":false},"featured_media":429,"comment_status":"open","ping_status":"closed","template":"","meta":[],"product_brand":[],"product_cat":[247],"product_tag":[],"class_list":{"0":"post-432","1":"product","2":"type-product","3":"status-publish","4":"has-post-thumbnail","6":"product_cat-broche","7":"pa_charm-animaux","8":"pa_charm-hibou","9":"pa_color-vert","10":"pa_size-25mm","12":"first","13":"instock","14":"taxable","15":"shipping-taxable","16":"purchasable","17":"product-type-simple"},"_links":{"self":[{"href":"https:\/\/artaora.com\/fr\/wp-json\/wp\/v2\/product\/432","targetHints":{"allow":["GET"]}}],"collection":[{"href":"https:\/\/artaora.com\/fr\/wp-json\/wp\/v2\/product"}],"about":[{"href":"https:\/\/artaora.com\/fr\/wp-json\/wp\/v2\/types\/product"}],"replies":[{"embeddable":true,"href":"https:\/\/artaora.com\/fr\/wp-json\/wp\/v2\/comments?post=432"}],"wp:featuredmedia":[{"embeddable":true,"href":"https:\/\/artaora.com\/fr\/wp-json\/wp\/v2\/media\/429"}],"wp:attachment":[{"href":"https:\/\/artaora.com\/fr\/wp-json\/wp\/v2\/media?parent=432"}],"wp:term":[{"taxonomy":"product_brand","embeddable":true,"href":"https:\/\/artaora.com\/fr\/wp-json\/wp\/v2\/product_brand?post=432"},{"taxonomy":"product_cat","embeddable":true,"href":"https:\/\/artaora.com\/fr\/wp-json\/wp\/v2\/product_cat?post=432"},{"taxonomy":"product_tag","embeddable":true,"href":"https:\/\/artaora.com\/fr\/wp-json\/wp\/v2\/product_tag?post=432"}],"curies":[{"name":"wp","href":"https:\/\/api.w.org\/{rel}","templated":true}]}}