{"id":436,"date":"2026-03-01T12:19:43","date_gmt":"2026-03-01T12:19:43","guid":{"rendered":"https:\/\/artaora.com\/product\/broche-arbre-de-vie-industriel-en-vert\/"},"modified":"2026-03-01T13:52:33","modified_gmt":"2026-03-01T13:52:33","slug":"broche-arbre-de-vie-industriel-en-vert","status":"publish","type":"product","link":"https:\/\/artaora.com\/fr\/produit\/broche-arbre-de-vie-industriel-en-vert\/","title":{"rendered":"Broche Arbre de Vie Industriel en Vert"},"content":{"rendered":"<p>Au centre d\u2019une base peinte en vert, la silhouette de l\u2019Arbre de vie s\u2019int\u00e8gre \u00e0 des engrenages de montre scell\u00e9s sous r\u00e9sine. Cette broche artisanale associe symbolique naturelle et pr\u00e9cision m\u00e9canique pour former un bijou industriel compact. Sa structure en acier inoxydable assure solidit\u00e9 dans un format de 25mm.<\/p>\n","protected":false},"excerpt":{"rendered":"<p>Au centre d\u2019une base peinte en vert, la silhouette de l\u2019Arbre de vie s\u2019int\u00e8gre \u00e0 des engrenages de montre scell\u00e9s sous r\u00e9sine. Cette broche artisanale associe symbolique naturelle et pr\u00e9cision m\u00e9canique pour former un bijou industriel compact. Sa structure en acier inoxydable assure solidit\u00e9 dans un format de 25mm.<\/p>\n","protected":false},"featured_media":433,"comment_status":"open","ping_status":"closed","template":"","meta":[],"product_brand":[],"product_cat":[247],"product_tag":[],"class_list":{"0":"post-436","1":"product","2":"type-product","3":"status-publish","4":"has-post-thumbnail","6":"product_cat-broche","7":"pa_charm-arbre-de-vie","8":"pa_charm-nature","9":"pa_color-vert","10":"pa_size-25mm","12":"first","13":"instock","14":"taxable","15":"shipping-taxable","16":"purchasable","17":"product-type-simple"},"_links":{"self":[{"href":"https:\/\/artaora.com\/fr\/wp-json\/wp\/v2\/product\/436","targetHints":{"allow":["GET"]}}],"collection":[{"href":"https:\/\/artaora.com\/fr\/wp-json\/wp\/v2\/product"}],"about":[{"href":"https:\/\/artaora.com\/fr\/wp-json\/wp\/v2\/types\/product"}],"replies":[{"embeddable":true,"href":"https:\/\/artaora.com\/fr\/wp-json\/wp\/v2\/comments?post=436"}],"wp:featuredmedia":[{"embeddable":true,"href":"https:\/\/artaora.com\/fr\/wp-json\/wp\/v2\/media\/433"}],"wp:attachment":[{"href":"https:\/\/artaora.com\/fr\/wp-json\/wp\/v2\/media?parent=436"}],"wp:term":[{"taxonomy":"product_brand","embeddable":true,"href":"https:\/\/artaora.com\/fr\/wp-json\/wp\/v2\/product_brand?post=436"},{"taxonomy":"product_cat","embeddable":true,"href":"https:\/\/artaora.com\/fr\/wp-json\/wp\/v2\/product_cat?post=436"},{"taxonomy":"product_tag","embeddable":true,"href":"https:\/\/artaora.com\/fr\/wp-json\/wp\/v2\/product_tag?post=436"}],"curies":[{"name":"wp","href":"https:\/\/api.w.org\/{rel}","templated":true}]}}