{"id":440,"date":"2026-03-01T12:19:45","date_gmt":"2026-03-01T12:19:45","guid":{"rendered":"https:\/\/artaora.com\/product\/broche-arbre-de-vie-mecanique-en-rose\/"},"modified":"2026-03-01T13:52:34","modified_gmt":"2026-03-01T13:52:34","slug":"broche-arbre-de-vie-mecanique-en-rose","status":"publish","type":"product","link":"https:\/\/artaora.com\/fr\/produit\/broche-arbre-de-vie-mecanique-en-rose\/","title":{"rendered":"Broche Arbre de Vie M\u00e9canique en Rose"},"content":{"rendered":"<p>La base peinte en rose accentue le contraste derri\u00e8re l\u2019Arbre de vie et les engrenages apparents scell\u00e9s sous r\u00e9sine. Ce bijou en pi\u00e8ces de montre recycl\u00e9es associe symbolique organique et structure m\u00e9canique dans une broche compacte et affirm\u00e9e. Con\u00e7u en acier inoxydable au format 25mm.<\/p>\n","protected":false},"excerpt":{"rendered":"<p>La base peinte en rose accentue le contraste derri\u00e8re l\u2019Arbre de vie et les engrenages apparents scell\u00e9s sous r\u00e9sine. Ce bijou en pi\u00e8ces de montre recycl\u00e9es associe symbolique organique et structure m\u00e9canique dans une broche compacte et affirm\u00e9e. Con\u00e7u en acier inoxydable au format 25mm.<\/p>\n","protected":false},"featured_media":437,"comment_status":"open","ping_status":"closed","template":"","meta":[],"product_brand":[],"product_cat":[247],"product_tag":[],"class_list":{"0":"post-440","1":"product","2":"type-product","3":"status-publish","4":"has-post-thumbnail","6":"product_cat-broche","7":"pa_charm-arbre-de-vie","8":"pa_charm-nature","9":"pa_color-rose","10":"pa_size-25mm","12":"first","13":"instock","14":"taxable","15":"shipping-taxable","16":"purchasable","17":"product-type-simple"},"_links":{"self":[{"href":"https:\/\/artaora.com\/fr\/wp-json\/wp\/v2\/product\/440","targetHints":{"allow":["GET"]}}],"collection":[{"href":"https:\/\/artaora.com\/fr\/wp-json\/wp\/v2\/product"}],"about":[{"href":"https:\/\/artaora.com\/fr\/wp-json\/wp\/v2\/types\/product"}],"replies":[{"embeddable":true,"href":"https:\/\/artaora.com\/fr\/wp-json\/wp\/v2\/comments?post=440"}],"wp:featuredmedia":[{"embeddable":true,"href":"https:\/\/artaora.com\/fr\/wp-json\/wp\/v2\/media\/437"}],"wp:attachment":[{"href":"https:\/\/artaora.com\/fr\/wp-json\/wp\/v2\/media?parent=440"}],"wp:term":[{"taxonomy":"product_brand","embeddable":true,"href":"https:\/\/artaora.com\/fr\/wp-json\/wp\/v2\/product_brand?post=440"},{"taxonomy":"product_cat","embeddable":true,"href":"https:\/\/artaora.com\/fr\/wp-json\/wp\/v2\/product_cat?post=440"},{"taxonomy":"product_tag","embeddable":true,"href":"https:\/\/artaora.com\/fr\/wp-json\/wp\/v2\/product_tag?post=440"}],"curies":[{"name":"wp","href":"https:\/\/api.w.org\/{rel}","templated":true}]}}