{"id":448,"date":"2026-03-01T12:19:47","date_gmt":"2026-03-01T12:19:47","guid":{"rendered":"https:\/\/artaora.com\/product\/broche-dauphin-steampunk-en-bleu\/"},"modified":"2026-03-01T13:52:35","modified_gmt":"2026-03-01T13:52:35","slug":"broche-dauphin-steampunk-en-bleu","status":"publish","type":"product","link":"https:\/\/artaora.com\/fr\/produit\/broche-dauphin-steampunk-en-bleu\/","title":{"rendered":"Broche Dauphin Steampunk en Bleu"},"content":{"rendered":"<p>Sur une base peinte en bleu, la silhouette du dauphin s\u2019int\u00e8gre \u00e0 des engranages de montre scell\u00e9s sous r\u00e9sine. Cette broche artisanale associe symbolique marine et texture m\u00e9canique pour former un accessoire steampunk distinctif. Sa structure en acier inoxydable assure stabilit\u00e9 au format 25mm.<\/p>\n","protected":false},"excerpt":{"rendered":"<p>Sur une base peinte en bleu, la silhouette du dauphin s\u2019int\u00e8gre \u00e0 des engranages de montre scell\u00e9s sous r\u00e9sine. Cette broche artisanale associe symbolique marine et texture m\u00e9canique pour former un accessoire steampunk distinctif. Sa structure en acier inoxydable assure stabilit\u00e9 au format 25mm.<\/p>\n","protected":false},"featured_media":445,"comment_status":"open","ping_status":"closed","template":"","meta":[],"product_brand":[],"product_cat":[247],"product_tag":[],"class_list":{"0":"post-448","1":"product","2":"type-product","3":"status-publish","4":"has-post-thumbnail","6":"product_cat-broche","7":"pa_charm-dauphin","8":"pa_charm-nature","9":"pa_color-bleu","10":"pa_size-25mm","12":"first","13":"instock","14":"taxable","15":"shipping-taxable","16":"purchasable","17":"product-type-simple"},"_links":{"self":[{"href":"https:\/\/artaora.com\/fr\/wp-json\/wp\/v2\/product\/448","targetHints":{"allow":["GET"]}}],"collection":[{"href":"https:\/\/artaora.com\/fr\/wp-json\/wp\/v2\/product"}],"about":[{"href":"https:\/\/artaora.com\/fr\/wp-json\/wp\/v2\/types\/product"}],"replies":[{"embeddable":true,"href":"https:\/\/artaora.com\/fr\/wp-json\/wp\/v2\/comments?post=448"}],"wp:featuredmedia":[{"embeddable":true,"href":"https:\/\/artaora.com\/fr\/wp-json\/wp\/v2\/media\/445"}],"wp:attachment":[{"href":"https:\/\/artaora.com\/fr\/wp-json\/wp\/v2\/media?parent=448"}],"wp:term":[{"taxonomy":"product_brand","embeddable":true,"href":"https:\/\/artaora.com\/fr\/wp-json\/wp\/v2\/product_brand?post=448"},{"taxonomy":"product_cat","embeddable":true,"href":"https:\/\/artaora.com\/fr\/wp-json\/wp\/v2\/product_cat?post=448"},{"taxonomy":"product_tag","embeddable":true,"href":"https:\/\/artaora.com\/fr\/wp-json\/wp\/v2\/product_tag?post=448"}],"curies":[{"name":"wp","href":"https:\/\/api.w.org\/{rel}","templated":true}]}}