{"id":460,"date":"2026-03-01T12:19:51","date_gmt":"2026-03-01T12:19:51","guid":{"rendered":"https:\/\/artaora.com\/product\/broche-notes-de-musique-industriel-en-vert-et-jaune\/"},"modified":"2026-03-01T13:52:37","modified_gmt":"2026-03-01T13:52:37","slug":"broche-notes-de-musique-industriel-en-vert-et-jaune","status":"publish","type":"product","link":"https:\/\/artaora.com\/fr\/produit\/broche-notes-de-musique-industriel-en-vert-et-jaune\/","title":{"rendered":"Broche Notes de Musique Industriel en Vert et Jaune"},"content":{"rendered":"<p>Les tons vert et jaune se d\u00e9ploient sur la base peinte pour former un arri\u00e8re-plan dynamique aux notes de musique associ\u00e9es \u00e0 des engranages apparents et scell\u00e9es sous r\u00e9sine. Cet accessoire musical artisanal unit symbolique rythmique et pr\u00e9cision m\u00e9canique dans un bijou industriel compact. La base en acier inoxydable assure stabilit\u00e9 au format 25mm.<\/p>\n","protected":false},"excerpt":{"rendered":"<p>Les tons vert et jaune se d\u00e9ploient sur la base peinte pour former un arri\u00e8re-plan dynamique aux notes de musique associ\u00e9es \u00e0 des engranages apparents et scell\u00e9es sous r\u00e9sine. Cet accessoire musical artisanal unit symbolique rythmique et pr\u00e9cision m\u00e9canique dans un bijou industriel compact. La base en acier inoxydable assure stabilit\u00e9 au format 25mm.<\/p>\n","protected":false},"featured_media":457,"comment_status":"open","ping_status":"closed","template":"","meta":[],"product_brand":[],"product_cat":[247],"product_tag":[],"class_list":{"0":"post-460","1":"product","2":"type-product","3":"status-publish","4":"has-post-thumbnail","6":"product_cat-broche","7":"pa_charm-musique","8":"pa_charm-notes-de-musique","9":"pa_color-jaune","10":"pa_color-vert","11":"pa_size-25mm","13":"first","14":"instock","15":"taxable","16":"shipping-taxable","17":"purchasable","18":"product-type-simple"},"_links":{"self":[{"href":"https:\/\/artaora.com\/fr\/wp-json\/wp\/v2\/product\/460","targetHints":{"allow":["GET"]}}],"collection":[{"href":"https:\/\/artaora.com\/fr\/wp-json\/wp\/v2\/product"}],"about":[{"href":"https:\/\/artaora.com\/fr\/wp-json\/wp\/v2\/types\/product"}],"replies":[{"embeddable":true,"href":"https:\/\/artaora.com\/fr\/wp-json\/wp\/v2\/comments?post=460"}],"wp:featuredmedia":[{"embeddable":true,"href":"https:\/\/artaora.com\/fr\/wp-json\/wp\/v2\/media\/457"}],"wp:attachment":[{"href":"https:\/\/artaora.com\/fr\/wp-json\/wp\/v2\/media?parent=460"}],"wp:term":[{"taxonomy":"product_brand","embeddable":true,"href":"https:\/\/artaora.com\/fr\/wp-json\/wp\/v2\/product_brand?post=460"},{"taxonomy":"product_cat","embeddable":true,"href":"https:\/\/artaora.com\/fr\/wp-json\/wp\/v2\/product_cat?post=460"},{"taxonomy":"product_tag","embeddable":true,"href":"https:\/\/artaora.com\/fr\/wp-json\/wp\/v2\/product_tag?post=460"}],"curies":[{"name":"wp","href":"https:\/\/api.w.org\/{rel}","templated":true}]}}