{"id":480,"date":"2026-03-01T12:19:57","date_gmt":"2026-03-01T12:19:57","guid":{"rendered":"https:\/\/artaora.com\/product\/boucles-doreilles-puces-blanches-minimalistes-avec-engrenages-sous-resine\/"},"modified":"2026-03-01T13:52:39","modified_gmt":"2026-03-01T13:52:39","slug":"boucles-doreilles-puces-blanches-minimalistes-avec-engrenages-sous-resine","status":"publish","type":"product","link":"https:\/\/artaora.com\/fr\/produit\/boucles-doreilles-puces-blanches-minimalistes-avec-engrenages-sous-resine\/","title":{"rendered":"Boucles d\u2019oreilles puces blanches minimalistes avec engrenages sous r\u00e9sine"},"content":{"rendered":"<p>Une base peinte blanche met en valeur les engrenages de montre superpos\u00e9s et scell\u00e9s sous r\u00e9sine dans ces puces en acier inoxydable. Ce bijou steampunk minimaliste offre un d\u00e9tail m\u00e9canique dans une composition lumineuse et neutre adapt\u00e9e au quotidien.<\/p>\n","protected":false},"excerpt":{"rendered":"<p>Une base peinte blanche met en valeur les engrenages de montre superpos\u00e9s et scell\u00e9s sous r\u00e9sine dans ces puces en acier inoxydable. Ce bijou steampunk minimaliste offre un d\u00e9tail m\u00e9canique dans une composition lumineuse et neutre adapt\u00e9e au quotidien.<\/p>\n","protected":false},"featured_media":477,"comment_status":"open","ping_status":"closed","template":"","meta":[],"product_brand":[],"product_cat":[256],"product_tag":[],"class_list":{"0":"post-480","1":"product","2":"type-product","3":"status-publish","4":"has-post-thumbnail","6":"product_cat-boucles-doreilles","7":"pa_charm-pieces-de-montre-uniquement","8":"pa_color-blanc","9":"pa_size-12mm","11":"first","12":"instock","13":"taxable","14":"shipping-taxable","15":"purchasable","16":"product-type-simple"},"_links":{"self":[{"href":"https:\/\/artaora.com\/fr\/wp-json\/wp\/v2\/product\/480","targetHints":{"allow":["GET"]}}],"collection":[{"href":"https:\/\/artaora.com\/fr\/wp-json\/wp\/v2\/product"}],"about":[{"href":"https:\/\/artaora.com\/fr\/wp-json\/wp\/v2\/types\/product"}],"replies":[{"embeddable":true,"href":"https:\/\/artaora.com\/fr\/wp-json\/wp\/v2\/comments?post=480"}],"wp:featuredmedia":[{"embeddable":true,"href":"https:\/\/artaora.com\/fr\/wp-json\/wp\/v2\/media\/477"}],"wp:attachment":[{"href":"https:\/\/artaora.com\/fr\/wp-json\/wp\/v2\/media?parent=480"}],"wp:term":[{"taxonomy":"product_brand","embeddable":true,"href":"https:\/\/artaora.com\/fr\/wp-json\/wp\/v2\/product_brand?post=480"},{"taxonomy":"product_cat","embeddable":true,"href":"https:\/\/artaora.com\/fr\/wp-json\/wp\/v2\/product_cat?post=480"},{"taxonomy":"product_tag","embeddable":true,"href":"https:\/\/artaora.com\/fr\/wp-json\/wp\/v2\/product_tag?post=480"}],"curies":[{"name":"wp","href":"https:\/\/api.w.org\/{rel}","templated":true}]}}