{"id":488,"date":"2026-03-01T12:20:01","date_gmt":"2026-03-01T12:20:01","guid":{"rendered":"https:\/\/artaora.com\/product\/boucles-doreilles-puces-bleues-industrielles-avec-engrenages-sous-resine\/"},"modified":"2026-03-01T13:52:40","modified_gmt":"2026-03-01T13:52:40","slug":"boucles-doreilles-puces-bleues-industrielles-avec-engrenages-sous-resine","status":"publish","type":"product","link":"https:\/\/artaora.com\/fr\/produit\/boucles-doreilles-puces-bleues-industrielles-avec-engrenages-sous-resine\/","title":{"rendered":"Boucles d\u2019oreilles puces bleues industrielles avec engrenages sous r\u00e9sine"},"content":{"rendered":"<p>Le contraste m\u00e9canique caract\u00e9rise ces boucles en r\u00e9sine, dont la base peinte bleue textur\u00e9e encadre des engrenages de montre imbriqu\u00e9s. Con\u00e7ues comme un bijou industriel fait main, elles offrent un d\u00e9tail m\u00e9tallique structur\u00e9 dans un format \u00e9quilibr\u00e9 de 12mm.<\/p>\n","protected":false},"excerpt":{"rendered":"<p>Le contraste m\u00e9canique caract\u00e9rise ces boucles en r\u00e9sine, dont la base peinte bleue textur\u00e9e encadre des engrenages de montre imbriqu\u00e9s. Con\u00e7ues comme un bijou industriel fait main, elles offrent un d\u00e9tail m\u00e9tallique structur\u00e9 dans un format \u00e9quilibr\u00e9 de 12mm.<\/p>\n","protected":false},"featured_media":485,"comment_status":"open","ping_status":"closed","template":"","meta":[],"product_brand":[],"product_cat":[256],"product_tag":[],"class_list":{"0":"post-488","1":"product","2":"type-product","3":"status-publish","4":"has-post-thumbnail","6":"product_cat-boucles-doreilles","7":"pa_charm-pieces-de-montre-uniquement","8":"pa_color-bleu","9":"pa_size-12mm","11":"first","12":"instock","13":"taxable","14":"shipping-taxable","15":"purchasable","16":"product-type-simple"},"_links":{"self":[{"href":"https:\/\/artaora.com\/fr\/wp-json\/wp\/v2\/product\/488","targetHints":{"allow":["GET"]}}],"collection":[{"href":"https:\/\/artaora.com\/fr\/wp-json\/wp\/v2\/product"}],"about":[{"href":"https:\/\/artaora.com\/fr\/wp-json\/wp\/v2\/types\/product"}],"replies":[{"embeddable":true,"href":"https:\/\/artaora.com\/fr\/wp-json\/wp\/v2\/comments?post=488"}],"wp:featuredmedia":[{"embeddable":true,"href":"https:\/\/artaora.com\/fr\/wp-json\/wp\/v2\/media\/485"}],"wp:attachment":[{"href":"https:\/\/artaora.com\/fr\/wp-json\/wp\/v2\/media?parent=488"}],"wp:term":[{"taxonomy":"product_brand","embeddable":true,"href":"https:\/\/artaora.com\/fr\/wp-json\/wp\/v2\/product_brand?post=488"},{"taxonomy":"product_cat","embeddable":true,"href":"https:\/\/artaora.com\/fr\/wp-json\/wp\/v2\/product_cat?post=488"},{"taxonomy":"product_tag","embeddable":true,"href":"https:\/\/artaora.com\/fr\/wp-json\/wp\/v2\/product_tag?post=488"}],"curies":[{"name":"wp","href":"https:\/\/api.w.org\/{rel}","templated":true}]}}