{"id":492,"date":"2026-03-01T12:20:03","date_gmt":"2026-03-01T12:20:03","guid":{"rendered":"https:\/\/artaora.com\/product\/boucles-doreilles-puces-orange-mecaniques-sous-resine\/"},"modified":"2026-03-01T13:52:41","modified_gmt":"2026-03-01T13:52:41","slug":"boucles-doreilles-puces-orange-mecaniques-sous-resine","status":"publish","type":"product","link":"https:\/\/artaora.com\/fr\/produit\/boucles-doreilles-puces-orange-mecaniques-sous-resine\/","title":{"rendered":"Boucles d\u2019oreilles puces orange m\u00e9caniques sous r\u00e9sine"},"content":{"rendered":"<p>Une base peinte orange satur\u00e9e accentue la g\u00e9om\u00e9trie des engrenages superpos\u00e9s pr\u00e9serv\u00e9s sous r\u00e9sine transparente. Con\u00e7ues comme un bijou m\u00e9canique compact, ces puces faites main offrent une forte pr\u00e9sence visuelle sans volume excessif.<\/p>\n","protected":false},"excerpt":{"rendered":"<p>Une base peinte orange satur\u00e9e accentue la g\u00e9om\u00e9trie des engrenages superpos\u00e9s pr\u00e9serv\u00e9s sous r\u00e9sine transparente. Con\u00e7ues comme un bijou m\u00e9canique compact, ces puces faites main offrent une forte pr\u00e9sence visuelle sans volume excessif.<\/p>\n","protected":false},"featured_media":489,"comment_status":"open","ping_status":"closed","template":"","meta":[],"product_brand":[],"product_cat":[256],"product_tag":[],"class_list":{"0":"post-492","1":"product","2":"type-product","3":"status-publish","4":"has-post-thumbnail","6":"product_cat-boucles-doreilles","7":"pa_charm-pieces-de-montre-uniquement","8":"pa_color-orange","9":"pa_size-12mm","11":"first","12":"instock","13":"taxable","14":"shipping-taxable","15":"purchasable","16":"product-type-simple"},"_links":{"self":[{"href":"https:\/\/artaora.com\/fr\/wp-json\/wp\/v2\/product\/492","targetHints":{"allow":["GET"]}}],"collection":[{"href":"https:\/\/artaora.com\/fr\/wp-json\/wp\/v2\/product"}],"about":[{"href":"https:\/\/artaora.com\/fr\/wp-json\/wp\/v2\/types\/product"}],"replies":[{"embeddable":true,"href":"https:\/\/artaora.com\/fr\/wp-json\/wp\/v2\/comments?post=492"}],"wp:featuredmedia":[{"embeddable":true,"href":"https:\/\/artaora.com\/fr\/wp-json\/wp\/v2\/media\/489"}],"wp:attachment":[{"href":"https:\/\/artaora.com\/fr\/wp-json\/wp\/v2\/media?parent=492"}],"wp:term":[{"taxonomy":"product_brand","embeddable":true,"href":"https:\/\/artaora.com\/fr\/wp-json\/wp\/v2\/product_brand?post=492"},{"taxonomy":"product_cat","embeddable":true,"href":"https:\/\/artaora.com\/fr\/wp-json\/wp\/v2\/product_cat?post=492"},{"taxonomy":"product_tag","embeddable":true,"href":"https:\/\/artaora.com\/fr\/wp-json\/wp\/v2\/product_tag?post=492"}],"curies":[{"name":"wp","href":"https:\/\/api.w.org\/{rel}","templated":true}]}}