{"id":496,"date":"2026-03-01T12:20:04","date_gmt":"2026-03-01T12:20:04","guid":{"rendered":"https:\/\/artaora.com\/product\/boucles-doreilles-puces-artisanales-roses-avec-engrenages\/"},"modified":"2026-03-01T13:52:42","modified_gmt":"2026-03-01T13:52:42","slug":"boucles-doreilles-puces-artisanales-roses-avec-engrenages","status":"publish","type":"product","link":"https:\/\/artaora.com\/fr\/produit\/boucles-doreilles-puces-artisanales-roses-avec-engrenages\/","title":{"rendered":"Boucles d\u2019oreilles puces artisanales roses avec engrenages"},"content":{"rendered":"<p>Sur une base peinte rose vif, des engrenages de montre recycl\u00e9s composent une structure m\u00e9canique compacte scell\u00e9e sous r\u00e9sine transparente. Ces boucles d\u2019oreilles artisanales en r\u00e9sine associent couleur expressive et pr\u00e9cision industrielle dans un accessoire steampunk miniature.<\/p>\n","protected":false},"excerpt":{"rendered":"<p>Sur une base peinte rose vif, des engrenages de montre recycl\u00e9s composent une structure m\u00e9canique compacte scell\u00e9e sous r\u00e9sine transparente. Ces boucles d\u2019oreilles artisanales en r\u00e9sine associent couleur expressive et pr\u00e9cision industrielle dans un accessoire steampunk miniature.<\/p>\n","protected":false},"featured_media":493,"comment_status":"open","ping_status":"closed","template":"","meta":[],"product_brand":[],"product_cat":[256],"product_tag":[],"class_list":{"0":"post-496","1":"product","2":"type-product","3":"status-publish","4":"has-post-thumbnail","6":"product_cat-boucles-doreilles","7":"pa_charm-pieces-de-montre-uniquement","8":"pa_color-rose","9":"pa_size-12mm","11":"first","12":"instock","13":"taxable","14":"shipping-taxable","15":"purchasable","16":"product-type-simple"},"_links":{"self":[{"href":"https:\/\/artaora.com\/fr\/wp-json\/wp\/v2\/product\/496","targetHints":{"allow":["GET"]}}],"collection":[{"href":"https:\/\/artaora.com\/fr\/wp-json\/wp\/v2\/product"}],"about":[{"href":"https:\/\/artaora.com\/fr\/wp-json\/wp\/v2\/types\/product"}],"replies":[{"embeddable":true,"href":"https:\/\/artaora.com\/fr\/wp-json\/wp\/v2\/comments?post=496"}],"wp:featuredmedia":[{"embeddable":true,"href":"https:\/\/artaora.com\/fr\/wp-json\/wp\/v2\/media\/493"}],"wp:attachment":[{"href":"https:\/\/artaora.com\/fr\/wp-json\/wp\/v2\/media?parent=496"}],"wp:term":[{"taxonomy":"product_brand","embeddable":true,"href":"https:\/\/artaora.com\/fr\/wp-json\/wp\/v2\/product_brand?post=496"},{"taxonomy":"product_cat","embeddable":true,"href":"https:\/\/artaora.com\/fr\/wp-json\/wp\/v2\/product_cat?post=496"},{"taxonomy":"product_tag","embeddable":true,"href":"https:\/\/artaora.com\/fr\/wp-json\/wp\/v2\/product_tag?post=496"}],"curies":[{"name":"wp","href":"https:\/\/api.w.org\/{rel}","templated":true}]}}