{"id":500,"date":"2026-03-01T12:20:06","date_gmt":"2026-03-01T12:20:06","guid":{"rendered":"https:\/\/artaora.com\/product\/boucles-doreilles-puces-vertes-arbre-de-vie-avec-engrenages\/"},"modified":"2026-03-01T13:52:42","modified_gmt":"2026-03-01T13:52:42","slug":"boucles-doreilles-puces-vertes-arbre-de-vie-avec-engrenages","status":"publish","type":"product","link":"https:\/\/artaora.com\/fr\/produit\/boucles-doreilles-puces-vertes-arbre-de-vie-avec-engrenages\/","title":{"rendered":"Boucles d\u2019oreilles puces vertes Arbre de Vie avec engrenages"},"content":{"rendered":"<p>Une base peinte verte encadre le symbole de l\u2019Arbre de Vie associ\u00e9 \u00e0 des engrenages visibles et scell\u00e9 sous r\u00e9sine. Ces boucles Arbre de Vie r\u00e9interpr\u00e8tent un motif symbolique \u00e0 travers une structure m\u00e9canique, formant un accessoire steampunk compact.<\/p>\n","protected":false},"excerpt":{"rendered":"<p>Une base peinte verte encadre le symbole de l\u2019Arbre de Vie associ\u00e9 \u00e0 des engrenages visibles et scell\u00e9 sous r\u00e9sine. Ces boucles Arbre de Vie r\u00e9interpr\u00e8tent un motif symbolique \u00e0 travers une structure m\u00e9canique, formant un accessoire steampunk compact.<\/p>\n","protected":false},"featured_media":497,"comment_status":"open","ping_status":"closed","template":"","meta":[],"product_brand":[],"product_cat":[256],"product_tag":[],"class_list":{"0":"post-500","1":"product","2":"type-product","3":"status-publish","4":"has-post-thumbnail","6":"product_cat-boucles-doreilles","7":"pa_charm-arbre-de-vie","8":"pa_charm-nature","9":"pa_color-vert","10":"pa_size-12mm","12":"first","13":"instock","14":"taxable","15":"shipping-taxable","16":"purchasable","17":"product-type-simple"},"_links":{"self":[{"href":"https:\/\/artaora.com\/fr\/wp-json\/wp\/v2\/product\/500","targetHints":{"allow":["GET"]}}],"collection":[{"href":"https:\/\/artaora.com\/fr\/wp-json\/wp\/v2\/product"}],"about":[{"href":"https:\/\/artaora.com\/fr\/wp-json\/wp\/v2\/types\/product"}],"replies":[{"embeddable":true,"href":"https:\/\/artaora.com\/fr\/wp-json\/wp\/v2\/comments?post=500"}],"wp:featuredmedia":[{"embeddable":true,"href":"https:\/\/artaora.com\/fr\/wp-json\/wp\/v2\/media\/497"}],"wp:attachment":[{"href":"https:\/\/artaora.com\/fr\/wp-json\/wp\/v2\/media?parent=500"}],"wp:term":[{"taxonomy":"product_brand","embeddable":true,"href":"https:\/\/artaora.com\/fr\/wp-json\/wp\/v2\/product_brand?post=500"},{"taxonomy":"product_cat","embeddable":true,"href":"https:\/\/artaora.com\/fr\/wp-json\/wp\/v2\/product_cat?post=500"},{"taxonomy":"product_tag","embeddable":true,"href":"https:\/\/artaora.com\/fr\/wp-json\/wp\/v2\/product_tag?post=500"}],"curies":[{"name":"wp","href":"https:\/\/api.w.org\/{rel}","templated":true}]}}