{"id":504,"date":"2026-03-01T12:20:08","date_gmt":"2026-03-01T12:20:08","guid":{"rendered":"https:\/\/artaora.com\/product\/boucles-doreilles-puces-vertes-industrielles-avec-engrenages-sous-resine\/"},"modified":"2026-03-01T13:52:43","modified_gmt":"2026-03-01T13:52:43","slug":"boucles-doreilles-puces-vertes-industrielles-avec-engrenages-sous-resine","status":"publish","type":"product","link":"https:\/\/artaora.com\/fr\/produit\/boucles-doreilles-puces-vertes-industrielles-avec-engrenages-sous-resine\/","title":{"rendered":"Boucles d\u2019oreilles puces vertes industrielles avec engrenages sous r\u00e9sine"},"content":{"rendered":"<p>Des tons verts sourds cr\u00e9ent de la profondeur derri\u00e8re des engrenages en laiton et en acier contrast\u00e9s pr\u00e9serv\u00e9s sous r\u00e9sine transparente. Con\u00e7ues comme des puces industrielles compactes, elles mettent l\u2019accent sur l\u2019interaction des mat\u00e9riaux plut\u00f4t que sur l\u2019ornement.<\/p>\n","protected":false},"excerpt":{"rendered":"<p>Des tons verts sourds cr\u00e9ent de la profondeur derri\u00e8re des engrenages en laiton et en acier contrast\u00e9s pr\u00e9serv\u00e9s sous r\u00e9sine transparente. Con\u00e7ues comme des puces industrielles compactes, elles mettent l\u2019accent sur l\u2019interaction des mat\u00e9riaux plut\u00f4t que sur l\u2019ornement.<\/p>\n","protected":false},"featured_media":501,"comment_status":"open","ping_status":"closed","template":"","meta":[],"product_brand":[],"product_cat":[256],"product_tag":[],"class_list":{"0":"post-504","1":"product","2":"type-product","3":"status-publish","4":"has-post-thumbnail","6":"product_cat-boucles-doreilles","7":"pa_charm-pieces-de-montre-uniquement","8":"pa_color-vert","9":"pa_size-12mm","11":"first","12":"instock","13":"taxable","14":"shipping-taxable","15":"purchasable","16":"product-type-simple"},"_links":{"self":[{"href":"https:\/\/artaora.com\/fr\/wp-json\/wp\/v2\/product\/504","targetHints":{"allow":["GET"]}}],"collection":[{"href":"https:\/\/artaora.com\/fr\/wp-json\/wp\/v2\/product"}],"about":[{"href":"https:\/\/artaora.com\/fr\/wp-json\/wp\/v2\/types\/product"}],"replies":[{"embeddable":true,"href":"https:\/\/artaora.com\/fr\/wp-json\/wp\/v2\/comments?post=504"}],"wp:featuredmedia":[{"embeddable":true,"href":"https:\/\/artaora.com\/fr\/wp-json\/wp\/v2\/media\/501"}],"wp:attachment":[{"href":"https:\/\/artaora.com\/fr\/wp-json\/wp\/v2\/media?parent=504"}],"wp:term":[{"taxonomy":"product_brand","embeddable":true,"href":"https:\/\/artaora.com\/fr\/wp-json\/wp\/v2\/product_brand?post=504"},{"taxonomy":"product_cat","embeddable":true,"href":"https:\/\/artaora.com\/fr\/wp-json\/wp\/v2\/product_cat?post=504"},{"taxonomy":"product_tag","embeddable":true,"href":"https:\/\/artaora.com\/fr\/wp-json\/wp\/v2\/product_tag?post=504"}],"curies":[{"name":"wp","href":"https:\/\/api.w.org\/{rel}","templated":true}]}}