{"id":508,"date":"2026-03-01T12:20:09","date_gmt":"2026-03-01T12:20:09","guid":{"rendered":"https:\/\/artaora.com\/product\/boucles-doreilles-puces-jaunes-a-contraste-mecanique-sous-resine\/"},"modified":"2026-03-01T13:52:43","modified_gmt":"2026-03-01T13:52:43","slug":"boucles-doreilles-puces-jaunes-a-contraste-mecanique-sous-resine","status":"publish","type":"product","link":"https:\/\/artaora.com\/fr\/produit\/boucles-doreilles-puces-jaunes-a-contraste-mecanique-sous-resine\/","title":{"rendered":"Boucles d\u2019oreilles puces jaunes \u00e0 contraste m\u00e9canique sous r\u00e9sine"},"content":{"rendered":"<p>Une base peinte jaune lumineux assure une forte visibilit\u00e9 autour des engrenages int\u00e9gr\u00e9s et scell\u00e9s sous r\u00e9sine. Con\u00e7ues comme des puces steampunk compactes, elles privil\u00e9gient un contraste tonal net et un agencement m\u00e9canique \u00e9quilibr\u00e9.<\/p>\n","protected":false},"excerpt":{"rendered":"<p>Une base peinte jaune lumineux assure une forte visibilit\u00e9 autour des engrenages int\u00e9gr\u00e9s et scell\u00e9s sous r\u00e9sine. Con\u00e7ues comme des puces steampunk compactes, elles privil\u00e9gient un contraste tonal net et un agencement m\u00e9canique \u00e9quilibr\u00e9.<\/p>\n","protected":false},"featured_media":505,"comment_status":"open","ping_status":"closed","template":"","meta":[],"product_brand":[],"product_cat":[256],"product_tag":[],"class_list":{"0":"post-508","1":"product","2":"type-product","3":"status-publish","4":"has-post-thumbnail","6":"product_cat-boucles-doreilles","7":"pa_charm-pieces-de-montre-uniquement","8":"pa_color-jaune","9":"pa_size-12mm","11":"first","12":"instock","13":"taxable","14":"shipping-taxable","15":"purchasable","16":"product-type-simple"},"_links":{"self":[{"href":"https:\/\/artaora.com\/fr\/wp-json\/wp\/v2\/product\/508","targetHints":{"allow":["GET"]}}],"collection":[{"href":"https:\/\/artaora.com\/fr\/wp-json\/wp\/v2\/product"}],"about":[{"href":"https:\/\/artaora.com\/fr\/wp-json\/wp\/v2\/types\/product"}],"replies":[{"embeddable":true,"href":"https:\/\/artaora.com\/fr\/wp-json\/wp\/v2\/comments?post=508"}],"wp:featuredmedia":[{"embeddable":true,"href":"https:\/\/artaora.com\/fr\/wp-json\/wp\/v2\/media\/505"}],"wp:attachment":[{"href":"https:\/\/artaora.com\/fr\/wp-json\/wp\/v2\/media?parent=508"}],"wp:term":[{"taxonomy":"product_brand","embeddable":true,"href":"https:\/\/artaora.com\/fr\/wp-json\/wp\/v2\/product_brand?post=508"},{"taxonomy":"product_cat","embeddable":true,"href":"https:\/\/artaora.com\/fr\/wp-json\/wp\/v2\/product_cat?post=508"},{"taxonomy":"product_tag","embeddable":true,"href":"https:\/\/artaora.com\/fr\/wp-json\/wp\/v2\/product_tag?post=508"}],"curies":[{"name":"wp","href":"https:\/\/api.w.org\/{rel}","templated":true}]}}